{"id":8,"date":"2021-11-22T15:17:43","date_gmt":"2021-11-22T15:17:43","guid":{"rendered":"https:\/\/cyberbase.vn\/?page_id=8"},"modified":"2021-12-25T14:19:10","modified_gmt":"2021-12-25T14:19:10","slug":"it-support","status":"publish","type":"page","link":"https:\/\/cyberbase.vn\/en\/dich-vu\/it-support\/","title":{"rendered":"IT Support"},"content":{"rendered":"<section class=\"banner banner-page\">\n\t<div class=\"img pb-0 h-200px md:h-300px lg:h-350px\">\n\t\t<picture>\n\t\t\t\t\t\t\n\t\t\t\t\t\t\t\t\t<source media=\"(min-width: 768px)\" srcset=\"https:\/\/cyberbase.vn\/wp-content\/uploads\/2021\/12\/it-support-scaled.jpg\" \/>\n\t\t\t\t\n\t\t\t\t\t\t\t\t\t<img decoding=\"async\" class=\"object-cover object-top w-full h-full\" src=\"https:\/\/cyberbase.vn\/wp-content\/uploads\/2021\/12\/it-support-mobile.jpg\" alt=\"\" title=\"\">\n\t\t\t\t\n\t\t\t\t\t<\/picture>\n\t\t<span class=\"hidden md:block md:absolute md:z-10 md:w-full md:h-full md:bg-black-25\"><\/span>\n\t<\/div>\n\n\t<div class=\"relative md:absolute md:top-0 md:left-0 md:z-10 md:w-full md:h-full md:flex md:justify-center md:items-center\">\n\t\t<span class=\"absolute z-10 rotate-180deg w-full h-40px bottom-full left-0 bg-gradient-gray-op2 md:hidden -mb-1px\"><\/span>\n\t\t<div class=\"inner px-0 md:px-20px relative z-20\">\n\t\t\t<div class=\"text-white-100 pt-30px pb-40px pl-15px pr-25px bg-gray-200 md:bg-transparent\">\n\t\t\t\t<h1 class=\"small mb-15px lg:mb-20px\">IT Support<\/h1>\n\n\t\t\t\t<div class=\"copy text-16px leading-20px lg:text-20px lg:leading-25px mb-20px md:mb-30px lg:mb-35px\">\n\t\t\t\t\t<p>Solutions to support businesses remotely when you do not have enough expenses for the IT department. Directly supervised by Cyberbase&#039;s most experienced IT experts, we will solve all your technical, infrastructure, and website management problems on your behalf.<\/p>\n\t\t\t\t<\/div>\n\n\t\t\t\t\t\t\t\t\t<ul class=\"md:flex rounded-5px overflow-hidden max-w-530px\">\r\n  <li>\r\n    <span class=\"flex items-center h-full text-16px leading-22px lg:text-18px font-medium text-white-100 px-14px py-12px bg-green-100\">Price from only 2,625,000 VND\/month<\/span>\r\n  <\/li>\r\n  <li>\r\n      <a href=\"#pricing\" data-scroll-to-element=\"\" class=\"btn btn-link white-bg-green-text w-custom w-full md:w-auto\">\r\n          <span>See details<\/span>\r\n          <span class=\"icon-arrow-right text-10px ml-10px\"><\/span>\r\n      <\/a>\r\n  <\/li>\r\n<\/ul>\t\t\t\t\t\t\t<\/div>\n\t\t<\/div>\n\t<\/div>\n<\/section>\n\n\n\r\n<section class=\"py-50px md:py-60px xl:py-80px bg-white-100\">\r\n  <div class=\"inner\">\r\n                  <div class=\"lg:mb-10px max-w-960px\">\r\n          <h2 class=\"mb-15px lg:mb-20px\">High quality IT human resources<\/h2>\r\n                      <div class=\"copy\">\r\n              <p>IT Support solution using TeamViewer and equivalent software, remotely supporting all technical issues, to server administration, helping businesses save time and personnel costs for system operation and maintenance IT system. Putting administration in the hands of Cyberbase&#039;s team of highly technical experts helps reduce risk and increase the performance of your business.<\/p>\r\n            <\/div>\r\n                  <\/div>\r\n          <div class=\"md:flex md:flex-wrap md:-mx-10px\">\r\n      <div class=\"owl-carousel owl-theme flex-wrap\" data-mobile-slider=\"\" data-breakpoint=\"767\">\r\n                <div class=\"item w-200px md:w-2\/6 md:px-10px mt-30px pr-15px md:pr-0\">\r\n          <span class=\"svg-h block h-50px md:h-60px lg:h-70px mb-10px md:mb-15px lg:mb-20px\">\r\n            <img decoding=\"async\" src=\"https:\/\/cyberbase.vn\/wp-content\/uploads\/2021\/12\/handshake.svg\" style=\"width: auto; height: 100%;\" alt=\"\" title=\"\">\r\n          <\/span>\r\n          <h3 class=\"h4 mb-10px\">Internal IT replacement<\/h3>\r\n          <div class=\"copy text-14px leading-18px lg:text-16px lg:leading-20px text-gray-500\">\r\n            <p>Ready to provide technical support, maintenance, repair, support to operate the system remotely for you when something goes wrong with all problems related to the computer network. <\/p>\r\n          <\/div>\r\n        <\/div>\r\n                <div class=\"item w-200px md:w-2\/6 md:px-10px mt-30px pr-15px md:pr-0\">\r\n          <span class=\"svg-h block h-50px md:h-60px lg:h-70px mb-10px md:mb-15px lg:mb-20px\">\r\n            <img decoding=\"async\" src=\"https:\/\/cyberbase.vn\/wp-content\/uploads\/2021\/12\/line-graph.svg\" style=\"width: auto; height: 100%;\" alt=\"\" title=\"\">\r\n          <\/span>\r\n          <h3 class=\"h4 mb-10px\">Monitoring<\/h3>\r\n          <div class=\"copy text-14px leading-18px lg:text-16px lg:leading-20px text-gray-500\">\r\n            <p>The team continuously monitors the operation of the website, database, resource status (CPU\/RAM, capacity) and proactively handles it when possible.<\/p>\r\n          <\/div>\r\n        <\/div>\r\n                <div class=\"item w-200px md:w-2\/6 md:px-10px mt-30px pr-15px md:pr-0\">\r\n          <span class=\"svg-h block h-50px md:h-60px lg:h-70px mb-10px md:mb-15px lg:mb-20px\">\r\n            <img decoding=\"async\" src=\"https:\/\/cyberbase.vn\/wp-content\/uploads\/2021\/12\/icon1.svg\" style=\"width: auto; height: 100%;\" alt=\"\" title=\"\">\r\n          <\/span>\r\n          <h3 class=\"h4 mb-10px\">Information security<\/h3>\r\n          <div class=\"copy text-14px leading-18px lg:text-16px lg:leading-20px text-gray-500\">\r\n            <p>Commitment to information security of the business once you have assigned the right to manage and administer the system to us.<\/p>\r\n          <\/div>\r\n        <\/div>\r\n                <div class=\"item w-200px md:w-2\/6 md:px-10px mt-30px pr-15px md:pr-0\">\r\n          <span class=\"svg-h block h-50px md:h-60px lg:h-70px mb-10px md:mb-15px lg:mb-20px\">\r\n            <img decoding=\"async\" src=\"https:\/\/cyberbase.vn\/wp-content\/uploads\/2021\/12\/folder.svg\" style=\"width: auto; height: 100%;\" alt=\"\" title=\"\">\r\n          <\/span>\r\n          <h3 class=\"h4 mb-10px\">Digital transformation consulting<\/h3>\r\n          <div class=\"copy text-14px leading-18px lg:text-16px lg:leading-20px text-gray-500\">\r\n            <p>Survey and advise on the latest IT systems, processes and solutions to build and develop applications and software for businesses when needed. \r\n\r\n<\/p>\r\n          <\/div>\r\n        <\/div>\r\n                <div class=\"item w-200px md:w-2\/6 md:px-10px mt-30px pr-15px md:pr-0\">\r\n          <span class=\"svg-h block h-50px md:h-60px lg:h-70px mb-10px md:mb-15px lg:mb-20px\">\r\n            <img decoding=\"async\" src=\"https:\/\/cyberbase.vn\/wp-content\/uploads\/2021\/12\/gear.svg\" style=\"width: auto; height: 100%;\" alt=\"\" title=\"\">\r\n          <\/span>\r\n          <h3 class=\"h4 mb-10px\">IT system maintenance<\/h3>\r\n          <div class=\"copy text-14px leading-18px lg:text-16px lg:leading-20px text-gray-500\">\r\n            <p>Check periodically to plan maintenance, replace old solutions and outdated applications to improve and upgrade the system faster. <\/p>\r\n          <\/div>\r\n        <\/div>\r\n                <div class=\"item w-200px md:w-2\/6 md:px-10px mt-30px pr-15px md:pr-0\">\r\n          <span class=\"svg-h block h-50px md:h-60px lg:h-70px mb-10px md:mb-15px lg:mb-20px\">\r\n            <img decoding=\"async\" src=\"https:\/\/cyberbase.vn\/wp-content\/uploads\/2021\/12\/optimization.svg\" style=\"width: auto; height: 100%;\" alt=\"\" title=\"\">\r\n          <\/span>\r\n          <h3 class=\"h4 mb-10px\">Admin<\/h3>\r\n          <div class=\"copy text-14px leading-18px lg:text-16px lg:leading-20px text-gray-500\">\r\n            <p>Support backup, update content, website extensions and security patches when necessary.<\/p>\r\n          <\/div>\r\n        <\/div>\r\n              <\/div>\r\n    <\/div>\r\n      <\/div>\r\n<\/section>\r\n\n\n<section class=\"\" id=\"pricing\">\n            <div class=\"md:flex\">\n                <div class=\"md:flex-1 pt-50px pb-40px\">\n                    <div class=\"max-w-460px px-15px md:pr-20px lg:pr-30px xl:pr-50px md:pl-20px ml-auto\">\n                        <h2 class=\"font-semibold mb-15px md:mb-20px\">Dedicated to business<\/h2>\n                        <div class=\"copy text-16px leading-20px lg:text-20px lg:leading-25px mb-10px md:mb-15px lg:mb-20px\">\n                            <p>Initial cost-saving solution when businesses do not have an IT department but still want full technical support.<\/p>\n                        <\/div>\n                        <span class=\"block text-16px leading-20px lg:text-20px lg:leading-25px text-green-100 font-semibold mb-15px lg:mb-20px\">Only from 2,625,000 VND per month<\/span>\n                        <a href=\"https:\/\/ap.cyberbase.vn\/index.php?rp=\/store\/services\/it-support\" target=\"_b\" class=\"btn btn-link green-bg-white-text w-small rounded-full\">\n                            <span>REGISTRATION<\/span>\n                            <span class=\"icon-arrow-right text-10px text-white-100 ml-10px\"><\/span>\n                        <\/a>\n                    <\/div>\n                <\/div>\n                <div class=\"relative\" data-as-right>\n                    <div class=\"img pb-0 h-205px md:h-300px lg:h-400px xl:h-500px\">\n                        <img decoding=\"async\" src=\"data:image\/gif;base64,R0lGODlhAQABAIAAAP\/\/\/wAAACH5BAEAAAAALAAAAAABAAEAAAICRAEAOw==\" data-src=\"https:\/\/cyberbase.vn\/wp-content\/themes\/cyberbase\/assets\/images\/advanced_support.jpg\" class=\"lazy w-full h-full object-cover\" alt=\"\" title=\"\">\n                    <\/div>\n                    <div class=\"md:absolute md:right-0 md:bottom-0 md:z-10 md:w-0_77945945945 py-40px px-15px md:px-20px lg:px-30px lg:py-40px xxl:p-50px md:rounded-3px bg-white-90\">\n                        <h4 class=\"font-medium mb-15px lg:mb-20px\">Server and website administration<\/h4>\n                        <div class=\"copy text-gray-500\">\n                            <p>Khi \u0111\u0103ng k\u00fd g\u00f3i IT Support, b\u1ea1n kh\u00f4ng c\u1ea7n ph\u1ea3i lo vi\u1ec7c c\u1ea5u h\u00ecnh hay l\u1ed7i t\u1ea3i trang khi l\u01b0\u1ee3ng kh\u00e1ch h\u00e0ng t\u0103ng \u0111\u1ed9t bi\u1ebfn. Li\u00ean h\u1ec7 ngay cho Cyberbase \u0111\u1ec3 ch\u00fang t\u00f4i c\u1eed chuy\u00ean vi\u00ean kh\u1eafc ph\u1ee5c c\u00e1c v\u1ea5n \u0111\u1ec1 v\u1ec1 m\u00e1y ch\u1ee7 gi\u00fap b\u1ea1n.\n                            C\u00e0ng y\u00ean t\u00e2m h\u01a1n khi website lu\u00f4n \u0111\u01b0\u1ee3c sao l\u01b0u, h\u1ed7 tr\u1ee3 c\u1eadp nh\u1eadt c\u00e1c b\u1ea3n v\u00e1 b\u1ea3o m\u1eadt v\u00e0 n\u1ed9i dung m\u1edbi nh\u1ea5t. B\u1ea3o \u0111\u1ea3m website v\u00e0 m\u00e1y ch\u1ee7 c\u1ee7a b\u1ea1n lu\u00f4n \u0111\u01b0\u1ee3c theo d\u00f5i v\u00e0 ch\u0103m s\u00f3c s\u00e1t sao.<\/p>\n                        <\/div>\n                    <\/div>\n                <\/div>\n            <\/div>\n        <\/section>\n\n\n<section\n\tclass=\"py-50px md:py-60px xl:py-80px bg-white-100\"\n\t\tdata-scroll-id=\"69de7f4267d19\"\n\tdata-title=\"\"\n>\n\t<div class=\"inner\">\n\t\t<div class=\"max-w-940px mx-auto\">\n\t\t\t<div class=\"text-center mb-20px md:mb-30px lg:mb-40px\">\n\t\t\t\t<h2 class=\"\">Frequently Asked Questions!<\/h2>\n\t\t\t<\/div>\n\t\t\t<div class=\"filter-gr bg-lightGray-200 rounded-5px\">\n\t\t\t\t\t\t\t\t\t<div class=\"bg-lightGray-200 rounded-5px\">\n\t\t\t\t\t\t<a href=\"#\" class=\"flex justify-between rounded-5px text-16px leading-20px lg:text-20px lg:leading-24px font-medium w-skin-02 py-15px pl-10px pr-15px md:p-20x lg:p-25px\" data-dropdown-element data-name=\"H\u1ed7 tr\u1ee3 n\u00e2ng cao l\u00e0 g\u00ec?\">\n\t\t\t\t\t\t\t<span class=\"w-30px h-30px lg:w-40px lg:h-40px rounded-full flex justify-center items-center text-16px font-semibold\" data-num>1<\/span>\n\t\t\t\t\t\t\t<span class=\"txt flex-1 pl-10px pr-15px lg:pl-15px mt-5px lg:mt-8px\">What is Advanced Support?<\/span>\n\t\t\t\t\t\t\t<span class=\"w-14px h-14px lg:w-20px lg:h-20px mt-8px lg:mt-10px\" data-expand><\/span>\n\t\t\t\t\t\t<\/a>\n\t\t\t\t\t\t<div data-dropdown-content class=\"rounded-5px text-14px leading-20px lg:text-16px lg:leading-28px tracking-0_01em text-gray-500 pl-50px pr-44px pb-20px md:pl-60px md:pr-50px lg:pl-80px lg:pr-70px lg:pb-40px\" data-name=\"H\u1ed7 tr\u1ee3 n\u00e2ng cao l\u00e0 g\u00ec?\">\n\t\t\t\t\t\t\t<p>A Cyberbase solution that helps you focus full-time on growing your business, instead of having to spend time worrying about technical issues with your website and infrastructure.<\/p>\n\t\t\t\t\t\t<\/div>\n\t\t\t\t\t<\/div>\n\t\t\t\t\t\t\t\t\t<div class=\"bg-white-100 rounded-5px\">\n\t\t\t\t\t\t<a href=\"#\" class=\"flex justify-between rounded-5px text-16px leading-20px lg:text-20px lg:leading-24px font-medium w-skin-02 py-15px pl-10px pr-15px md:p-20x lg:p-25px  on\" data-dropdown-element data-name=\"T\u1ea1i sao n\u00ean d\u00f9ng g\u00f3i H\u1ed7 tr\u1ee3 n\u00e2ng cao c\u1ee7a Cyberbase?\">\n\t\t\t\t\t\t\t<span class=\"w-30px h-30px lg:w-40px lg:h-40px rounded-full flex justify-center items-center text-16px font-semibold\" data-num>2<\/span>\n\t\t\t\t\t\t\t<span class=\"txt flex-1 pl-10px pr-15px lg:pl-15px mt-5px lg:mt-8px\">Why use Cyberbase Advanced Support?<\/span>\n\t\t\t\t\t\t\t<span class=\"w-14px h-14px lg:w-20px lg:h-20px mt-8px lg:mt-10px\" data-expand><\/span>\n\t\t\t\t\t\t<\/a>\n\t\t\t\t\t\t<div data-dropdown-content style=\"display:block\" class=\"rounded-5px text-14px leading-20px lg:text-16px lg:leading-28px tracking-0_01em text-gray-500 pl-50px pr-44px pb-20px md:pl-60px md:pr-50px lg:pl-80px lg:pr-70px lg:pb-40px\" data-name=\"T\u1ea1i sao n\u00ean d\u00f9ng g\u00f3i H\u1ed7 tr\u1ee3 n\u00e2ng cao c\u1ee7a Cyberbase?\">\n\t\t\t\t\t\t\t<p>Ti\u1ebft ki\u1ec7m th\u1eddi gian v\u00e0 chi ph\u00ed nh\u00e2n s\u1ef1: B\u1ea1n kh\u00f4ng c\u1ea7n ph\u1ea3i loay hoay x\u1eed l\u00fd l\u1ed7i ph\u1ea7n m\u1ec1m, hay t\u00ecm ki\u1ebfm gi\u1ea3i ph\u00e1p t\u1ed1i \u01b0u h\u1ec7 th\u1ed1ng, kh\u1eafc ph\u1ee5c xung \u0111\u1ed9t, h\u01b0 h\u1ecfng c\u1ee7a m\u00e1y ch\u1ee7. \u0110\u1ed9i ng\u0169 nh\u00e2n vi\u00ean gi\u00e0u kinh nghi\u1ec7m c\u1ee7a Cyberbase s\u1ebd v\u1eadn h\u00e0nh, gi\u00e1m s\u00e1t, v\u00e0 kh\u1eafc ph\u1ee5c c\u00e1c l\u1ed7i s\u1ef1 c\u1ed1 x\u1ea3y ra tr\u00ean m\u00e1y ch\u1ee7 cho b\u1ea1n. \r\nT\u0103ng c\u01b0\u1eddng hi\u1ec7u su\u1ea5t ho\u1ea1t \u0111\u1ed9ng v\u00e0 gi\u1ea3m thi\u1ec3u r\u1ee7i ro li\u00ean quan \u0111\u1ebfn website s\u1ebd gi\u00fap b\u1ea1n y\u00ean t\u00e2m kinh doanh h\u01a1n.<\/p>\n\t\t\t\t\t\t<\/div>\n\t\t\t\t\t<\/div>\n\t\t\t\t\t\t\t\t\t<div class=\"bg-lightGray-200 rounded-5px\">\n\t\t\t\t\t\t<a href=\"#\" class=\"flex justify-between rounded-5px text-16px leading-20px lg:text-20px lg:leading-24px font-medium w-skin-02 py-15px pl-10px pr-15px md:p-20x lg:p-25px\" data-dropdown-element data-name=\"C\u00e1c d\u1ecbch v\u1ee5 \u0111i k\u00e8m trong g\u00f3i H\u1ed7 tr\u1ee3 n\u00e2ng cao?\">\n\t\t\t\t\t\t\t<span class=\"w-30px h-30px lg:w-40px lg:h-40px rounded-full flex justify-center items-center text-16px font-semibold\" data-num>3<\/span>\n\t\t\t\t\t\t\t<span class=\"txt flex-1 pl-10px pr-15px lg:pl-15px mt-5px lg:mt-8px\">What services are included in the Enhanced Support plan?<\/span>\n\t\t\t\t\t\t\t<span class=\"w-14px h-14px lg:w-20px lg:h-20px mt-8px lg:mt-10px\" data-expand><\/span>\n\t\t\t\t\t\t<\/a>\n\t\t\t\t\t\t<div data-dropdown-content class=\"rounded-5px text-14px leading-20px lg:text-16px lg:leading-28px tracking-0_01em text-gray-500 pl-50px pr-44px pb-20px md:pl-60px md:pr-50px lg:pl-80px lg:pr-70px lg:pb-40px\" data-name=\"C\u00e1c d\u1ecbch v\u1ee5 \u0111i k\u00e8m trong g\u00f3i H\u1ed7 tr\u1ee3 n\u00e2ng cao?\">\n\t\t\t\t\t\t\t<p>B\u1ea3ng \u0111i\u1ec1u khi\u1ec3n \u0111\u01a1n gi\u1ea3n, d\u1ec5 d\u00e0ng qu\u1ea3n l\u00fd n\u1ed9i dung.\r\nGi\u00e1m s\u00e1t website theo y\u00eau c\u1ea7u\r\nT\u0103ng t\u1ed1c cho website v\u00e0 T\u1ed1i \u01b0u c\u00e1c d\u1ecbch v\u1ee5 MySQL, &#8230;\r\nH\u1ed7 tr\u1ee3 c\u1ea5u h\u00ecnh H\u1ea1n ch\u1ebf DDOS, b\u1ea3o m\u1eadt v\u1edbi Firewall, qu\u00e9t m\u00e3 \u0111\u1ed9c\/ vi-r\u00fat \u0111\u1ecbnh k\u1ef3\r\nTheo d\u00f5i v\u00e0 Gi\u00e1m s\u00e1t m\u00e1y ch\u1ee7 (Monitoring)\r\nH\u1ed7 tr\u1ee3 c\u1ea5u h\u00ecnh t\u1ef1 \u0111\u1ed9ng c\u1eadp nh\u1eadt v\u00e0 theo khuy\u1ebfn c\u00e1o c\u1ee7a c\u00e1c t\u1ed5 ch\u1ee9c An ninh m\u1ea1ng\t\r\nSao l\u01b0u website khi \u0111\u01b0\u1ee3c y\u00eau c\u1ea7u.<\/p>\n\t\t\t\t\t\t<\/div>\n\t\t\t\t\t<\/div>\n\t\t\t\t\t\t\t\t\t<div class=\"bg-white-100 rounded-5px\">\n\t\t\t\t\t\t<a href=\"#\" class=\"flex justify-between rounded-5px text-16px leading-20px lg:text-20px lg:leading-24px font-medium w-skin-02 py-15px pl-10px pr-15px md:p-20x lg:p-25px\" data-dropdown-element data-name=\"T\u00f4i v\u1eabn c\u00f2n th\u1eafc m\u1eafc.\">\n\t\t\t\t\t\t\t<span class=\"w-30px h-30px lg:w-40px lg:h-40px rounded-full flex justify-center items-center text-16px font-semibold\" data-num>4<\/span>\n\t\t\t\t\t\t\t<span class=\"txt flex-1 pl-10px pr-15px lg:pl-15px mt-5px lg:mt-8px\">I still wonder.<\/span>\n\t\t\t\t\t\t\t<span class=\"w-14px h-14px lg:w-20px lg:h-20px mt-8px lg:mt-10px\" data-expand><\/span>\n\t\t\t\t\t\t<\/a>\n\t\t\t\t\t\t<div data-dropdown-content class=\"rounded-5px text-14px leading-20px lg:text-16px lg:leading-28px tracking-0_01em text-gray-500 pl-50px pr-44px pb-20px md:pl-60px md:pr-50px lg:pl-80px lg:pr-70px lg:pb-40px\" data-name=\"T\u00f4i v\u1eabn c\u00f2n th\u1eafc m\u1eafc.\">\n\t\t\t\t\t\t\t<p>If you need more advice about the services in the Advanced Support package, please contact us at: support@cyberbase.vn. Cyberbase&#039;s professional technical support and consulting team is ready to answer all your questions.<\/p>\n\t\t\t\t\t\t<\/div>\n\t\t\t\t\t<\/div>\n\t\t\t\t\t\t\t<\/div>\n\t\t<\/div>\n\t<\/div>\n<\/section>\n\n\n\t<!-- c\u1ea7n c\u00f3 config background color, custom class name -->\n\t\t<section\n\t\tclass=\"py-50px md:py-60px xl:py-80px xxl:py-100px bg-white-100 no-pd-top\"\n\t\t\t\tdata-scroll-id=\"69de7f426a152\"\n\t\tdata-title=\"\"\n\t>\n\t\t<div class=\"inner\">\n\t\t\t<div class=\"max-w-940px mx-auto text-center\">\n\t\t\t\t<h2 class=\"mb-20px lg:mb-30px\">Our experts are always available<\/h2>\n\t\t\t\t<span class=\"block text-16px leading-20px lg:text-20px lg:leading-25px text-gray-600 mb-20px lg:mb-30px\">We&#039;ll help you:<\/span>\n\t\t\t\t<div class=\"flex flex-wrap px-20px md:px-0 -mb-15px md:mb-0 md:-mx-10px lg:-mx-15px xl:-mx-17px\">\n\t\t\t\t\t\t\t\t\t\t\t\t\t\t\t\t\t<div class=\"mb-15px md:mb-0 w-full md:w-1\/3 md:px-10px lg:px-15px xl:px-17px\">\n\t\t\t\t\t\t\t<a href=\"https:\/\/cyberbase.vn\/en\/giai-phap\/\" target=\"\" class=\"block h-full transition-shadow duration-200 hover:shadow-sm rounded-5px bg-white-100 border border-lightGray-300 pl-15px py-15px pr-30px md:px-15px md:py-30px lg:py-40px lg:px-25px xl:px-28px flex flex-wrap items-center md:block\">\n\t\t\t\t\t\t\t\t<span class=\"block md:mx-auto w-60px md:w-80px lg:w-100px md:mb-18px\">\n\t\t\t\t\t\t\t\t\t<img decoding=\"async\" src=\"https:\/\/cyberbase.vn\/wp-content\/uploads\/2021\/12\/support-solution.svg\" alt=\"\" title=\"\">\n\t\t\t\t\t\t\t\t<\/span>\n\t\t\t\t\t\t\t\t<h3 class=\"text-left md:text-center flex-1 pl-12px text-14px leading-20px lg:text-16px md:pl-0\">Looking for solutions for websites of all sizes, small and large<\/h3>\n\t\t\t\t\t\t\t<\/a>\n\t\t\t\t\t\t<\/div>\n\t\t\t\t\t\t\t\t\t\t\t\t\t\t\t\t\t\t\t\t\t\t<div class=\"mb-15px md:mb-0 w-full md:w-1\/3 md:px-10px lg:px-15px xl:px-17px\">\n\t\t\t\t\t\t\t<a href=\"https:\/\/cyberbase.vn\/en\/san-pham\/\" target=\"\" class=\"block h-full transition-shadow duration-200 hover:shadow-sm rounded-5px bg-white-100 border border-lightGray-300 pl-15px py-15px pr-30px md:px-15px md:py-30px lg:py-40px lg:px-25px xl:px-28px flex flex-wrap items-center md:block\">\n\t\t\t\t\t\t\t\t<span class=\"block md:mx-auto w-60px md:w-80px lg:w-100px md:mb-18px\">\n\t\t\t\t\t\t\t\t\t<img decoding=\"async\" src=\"https:\/\/cyberbase.vn\/wp-content\/uploads\/2021\/12\/support-active.svg\" alt=\"\" title=\"\">\n\t\t\t\t\t\t\t\t<\/span>\n\t\t\t\t\t\t\t\t<h3 class=\"text-left md:text-center flex-1 pl-12px text-14px leading-20px lg:text-16px md:pl-0\">Analyze and propose suitable solution packages<\/h3>\n\t\t\t\t\t\t\t<\/a>\n\t\t\t\t\t\t<\/div>\n\t\t\t\t\t\t\t\t\t\t\t\t\t\t\t\t\t\t\t\t\t\t<div class=\"mb-15px md:mb-0 w-full md:w-1\/3 md:px-10px lg:px-15px xl:px-17px\">\n\t\t\t\t\t\t\t<a href=\"https:\/\/cyberbase.vn\/en\/lien-he\/\" target=\"\" class=\"block h-full transition-shadow duration-200 hover:shadow-sm rounded-5px bg-white-100 border border-lightGray-300 pl-15px py-15px pr-30px md:px-15px md:py-30px lg:py-40px lg:px-25px xl:px-28px flex flex-wrap items-center md:block\">\n\t\t\t\t\t\t\t\t<span class=\"block md:mx-auto w-60px md:w-80px lg:w-100px md:mb-18px\">\n\t\t\t\t\t\t\t\t\t<img decoding=\"async\" src=\"https:\/\/cyberbase.vn\/wp-content\/uploads\/2021\/12\/support-search.svg\" alt=\"\" title=\"\">\n\t\t\t\t\t\t\t\t<\/span>\n\t\t\t\t\t\t\t\t<h3 class=\"text-left md:text-center flex-1 pl-12px text-14px leading-20px lg:text-16px md:pl-0\">Consult more solutions that you may be interested in<\/h3>\n\t\t\t\t\t\t\t<\/a>\n\t\t\t\t\t\t<\/div>\n\t\t\t\t\t\t\t\t\t<\/div>\n\t\t\t\t<div class=\"copy px-20px md:px-0 link-green text-gray-600 mt-20px md:mt-30px lg:mt-40px\">\n\t\t\t\t\t<p>Send us a message or call us <a href=\"tel:84979477101\">(+84) 979 477 101<\/a> whenever<\/p>\n\t\t\t\t<\/div>\n\t\t\t<\/div>\n\t\t<\/div>\n\t<\/section>","protected":false},"excerpt":{"rendered":"","protected":false},"author":1,"featured_media":0,"parent":59,"menu_order":0,"comment_status":"closed","ping_status":"closed","template":"","meta":{"_editorskit_title_hidden":false,"_editorskit_reading_time":1,"_editorskit_is_block_options_detached":false,"_editorskit_block_options_position":"{}","inline_featured_image":false,"footnotes":""},"class_list":["post-8","page","type-page","status-publish","hentry"],"acf":[],"_links":{"self":[{"href":"https:\/\/cyberbase.vn\/en\/wp-json\/wp\/v2\/pages\/8","targetHints":{"allow":["GET"]}}],"collection":[{"href":"https:\/\/cyberbase.vn\/en\/wp-json\/wp\/v2\/pages"}],"about":[{"href":"https:\/\/cyberbase.vn\/en\/wp-json\/wp\/v2\/types\/page"}],"author":[{"embeddable":true,"href":"https:\/\/cyberbase.vn\/en\/wp-json\/wp\/v2\/users\/1"}],"replies":[{"embeddable":true,"href":"https:\/\/cyberbase.vn\/en\/wp-json\/wp\/v2\/comments?post=8"}],"version-history":[{"count":48,"href":"https:\/\/cyberbase.vn\/en\/wp-json\/wp\/v2\/pages\/8\/revisions"}],"predecessor-version":[{"id":3177,"href":"https:\/\/cyberbase.vn\/en\/wp-json\/wp\/v2\/pages\/8\/revisions\/3177"}],"up":[{"embeddable":true,"href":"https:\/\/cyberbase.vn\/en\/wp-json\/wp\/v2\/pages\/59"}],"wp:attachment":[{"href":"https:\/\/cyberbase.vn\/en\/wp-json\/wp\/v2\/media?parent=8"}],"curies":[{"name":"wp","href":"https:\/\/api.w.org\/{rel}","templated":true}]}}