{"id":77,"date":"2021-11-27T17:36:46","date_gmt":"2021-11-27T17:36:46","guid":{"rendered":"https:\/\/cyberbase.vn\/?page_id=77"},"modified":"2021-12-27T10:03:08","modified_gmt":"2021-12-27T03:03:08","slug":"ho-so-phap-ly","status":"publish","type":"page","link":"https:\/\/cyberbase.vn\/en\/chinh-sach\/ho-so-phap-ly\/","title":{"rendered":"Legal records"},"content":{"rendered":"<div class='py-50px lg:py-80px xl:py-50px bg-white-100'>\n<div class='inner'>\n<div class='copy w-small table-three-col editor'><strong>ADNS CO., LTD<\/strong>\u00a0(ADNS CO., LTD)<\/p>\n<p>Address: 8\/7D Phan Huy Vich, Ward 15, Tan Binh District, Ho Chi Minh City<br \/>\nTax code: 0313209465<br \/>\nLegal representative: Le Thai Nguyen<br \/>\nOperation date: April 13, 2015<br \/>\nBusiness license: 0313209465<\/p><\/div>\n<\/div>\n<\/div>","protected":false},"excerpt":{"rendered":"<p>C\u00d4NG TY TNHH ADNS\u00a0(ADNS CO., LTD) \u0110\u1ecba ch\u1ec9: 8\/7D Phan Huy \u00edch, Ph\u01b0\u1eddng 15, Qu\u1eadn T\u00e2n B\u00ecnh, TP H\u1ed3 Ch\u00ed Minh M\u00e3 s\u1ed1 thu\u1ebf: 0313209465 Ng\u01b0\u1eddi \u0110DPL: L\u00ea Th\u00e1i Nguy\u00ean Ng\u00e0y ho\u1ea1t \u0111\u1ed9ng: 13\/04\/2015 Gi\u1ea5y ph\u00e9p kinh doanh: 0313209465<\/p>","protected":false},"author":1,"featured_media":0,"parent":65,"menu_order":0,"comment_status":"closed","ping_status":"closed","template":"templates\/information.php","meta":{"_editorskit_title_hidden":false,"_editorskit_reading_time":0,"_editorskit_is_block_options_detached":false,"_editorskit_block_options_position":"{}","inline_featured_image":false,"footnotes":""},"class_list":["post-77","page","type-page","status-publish","hentry"],"acf":[],"_links":{"self":[{"href":"https:\/\/cyberbase.vn\/en\/wp-json\/wp\/v2\/pages\/77","targetHints":{"allow":["GET"]}}],"collection":[{"href":"https:\/\/cyberbase.vn\/en\/wp-json\/wp\/v2\/pages"}],"about":[{"href":"https:\/\/cyberbase.vn\/en\/wp-json\/wp\/v2\/types\/page"}],"author":[{"embeddable":true,"href":"https:\/\/cyberbase.vn\/en\/wp-json\/wp\/v2\/users\/1"}],"replies":[{"embeddable":true,"href":"https:\/\/cyberbase.vn\/en\/wp-json\/wp\/v2\/comments?post=77"}],"version-history":[{"count":5,"href":"https:\/\/cyberbase.vn\/en\/wp-json\/wp\/v2\/pages\/77\/revisions"}],"predecessor-version":[{"id":3219,"href":"https:\/\/cyberbase.vn\/en\/wp-json\/wp\/v2\/pages\/77\/revisions\/3219"}],"up":[{"embeddable":true,"href":"https:\/\/cyberbase.vn\/en\/wp-json\/wp\/v2\/pages\/65"}],"wp:attachment":[{"href":"https:\/\/cyberbase.vn\/en\/wp-json\/wp\/v2\/media?parent=77"}],"curies":[{"name":"wp","href":"https:\/\/api.w.org\/{rel}","templated":true}]}}