{"id":75,"date":"2021-11-27T17:36:12","date_gmt":"2021-11-27T17:36:12","guid":{"rendered":"https:\/\/cyberbase.vn\/?page_id=75"},"modified":"2021-12-27T11:16:42","modified_gmt":"2021-12-27T04:16:42","slug":"chinh-sach-thanh-toan","status":"publish","type":"page","link":"https:\/\/cyberbase.vn\/en\/chinh-sach\/chinh-sach-thanh-toan\/","title":{"rendered":"Payment policy"},"content":{"rendered":"<div class='py-50px lg:py-80px xl:py-50px bg-white-100'><div class='inner'><div class='copy w-small table-three-col editor'><p style=\"text-align: Justify;\">Cyberbase h\u1ed7 tr\u1ee3 h\u00ecnh th\u1ee9c thanh to\u00e1n: Chuy\u1ec3n kho\u1ea3n ng\u00e2n h\u00e0ng.<\/p>\n<h3 style=\"text-align: Justify;\">THANH TO\u00c1N B\u1eb0NG H\u00ccNH TH\u1ee8C CHUY\u1ec2N KHO\u1ea2N NG\u00c2N H\u00c0NG<\/h3>\n<p style=\"text-align: Justify;\">Sau khi ho\u00e0n t\u1ea5t c\u00e1c b\u01b0\u1edbc \u0111\u0103ng k\u00fd \u0111\u01a1n h\u00e0ng tr\u00ean website, Qu\u00fd kh\u00e1ch vui l\u00f2ng th\u1ef1c hi\u1ec7n c\u00e1c b\u01b0\u1edbc sau:<\/p>\n<p style=\"text-align: Justify;\">B\u01b0\u1edbc 1: Chuy\u1ec3n kho\u1ea3n v\u00e0o m\u1ed9t trong nh\u1eefng t\u00e0i kho\u1ea3n \u0111\u01b0\u1ee3c li\u1ec7t k\u00ea t\u1ea1i Danh s\u00e1ch ng\u00e2n h\u00e0ng ph\u00eda d\u01b0\u1edbi v\u1edbi n\u1ed9i dung l\u00e0 \u201cC[m\u00e3 \u0111\u01a1n h\u00e0ng]\u201d (C l\u00e0 M\u00e3 \u0111\u01a1n h\u00e0ng, th\u01b0\u1eddng c\u00f3 d\u1ea1ng: #C112233).<\/p>\n<p style=\"text-align: Justify;\">B\u01b0\u1edbc 2: Sau khi x\u00e1c nh\u1eadn vi\u1ec7c thanh to\u00e1n th\u00e0nh c\u00f4ng, Cyberbase s\u1ebd k\u00edch ho\u1ea1t \u0111\u01a1n h\u00e0ng tr\u00ean h\u1ec7 th\u1ed1ng trong th\u1eddi gian s\u1edbm nh\u1ea5t. N\u1ebfu trong v\u00f2ng 3 gi\u1edd trong gi\u1edd l\u00e0m vi\u1ec7c m\u00e0 \u0111\u01a1n h\u00e0ng kh\u00f4ng \u0111\u01b0\u1ee3c k\u00edch ho\u1ea1t, Qu\u00fd kh\u00e1ch vui l\u00f2ng li\u00ean h\u1ec7 ngay v\u1edbi Cyberbase qua:<\/p>\n<ul style=\"text-align: Justify;\">\n<li>Hotline: (84) 979 477 101<\/li>\n<li>Live chat v\u1edbi B\u1ed9 ph\u1eadn Kinh doanh tr\u00ean website https:\/\/cyberbase.vn<\/li>\n<li>Inbox Fanpage c\u1ee7a Cyberbase t\u1ea1i www.facebook.com\/cyberbasevn<\/li>\n<li>G\u1eedi email t\u1edbi sales@cyberbase.vn<\/li>\n<\/ul>\n<p style=\"text-align: Justify;\">Th\u00f4ng th\u01b0\u1eddng, Cyberbase s\u1ebd nh\u1eadn \u0111\u01b0\u1ee3c th\u00f4ng tin chuy\u1ec3n kho\u1ea3n h\u1ee3p l\u1ec7 sau t\u1eeb 5 -15 ph\u00fat (ph\u1ee5 thu\u1ed9c v\u00e0o giao d\u1ecbch ph\u00eda ng\u00e2n h\u00e0ng). Sau khi x\u00e1c nh\u1eadn vi\u1ec7c thanh to\u00e1n th\u00e0nh c\u00f4ng, Cyberbase s\u1ebd k\u00edch ho\u1ea1t \u0111\u01a1n h\u00e0ng tr\u00ean h\u1ec7 th\u1ed1ng v\u1edbi m\u00e3 s\u1ed1 \u0111\u01a1n h\u00e0ng t\u01b0\u01a1ng \u1ee9ng trong th\u1eddi gian s\u1edbm nh\u1ea5t.<\/p>\n<p style=\"text-align: Justify;\">L\u01b0u \u00fd:<\/p>\n<ul style=\"text-align: Justify;\">\n<li>Sau khi \u0111\u01b0\u1ee3c thanh to\u00e1n, h\u00f3a \u0111\u01a1n s\u1ebd \u0111\u01b0\u1ee3c chuy\u1ec3n v\u1ec1 tr\u1ea1ng th\u00e1i \u201c\u0110\u00e3 Thanh To\u00e1n\u201d. Ng\u01b0\u1ee3c l\u1ea1i, n\u1ebfu ch\u01b0a \u0111\u01b0\u1ee3c thanh to\u00e1n ho\u1eb7c ch\u01b0a thanh to\u00e1n \u0111\u1ee7, h\u00f3a \u0111\u01a1n s\u1ebd \u0111\u01b0\u1ee3c gi\u1eef \u1edf tr\u1ea1ng th\u00e1i \u201cCh\u01b0a Thanh To\u00e1n\u201d.<\/li>\n<li>Cyberbase s\u1ebd kh\u00f4ng ch\u1ecbu tr\u00e1ch nhi\u1ec7m n\u1ebfu Qu\u00fd kh\u00e1ch chuy\u1ec3n kho\u1ea3n nh\u1ea7m ho\u1eb7c kh\u00f4ng \u0111\u00fang t\u00e0i kho\u1ea3n ghi tr\u00ean website c\u1ee7a www.cyberbase.vn<\/li>\n<\/ul>\n<h3 style=\"text-align: Justify;\">DANH S\u00c1CH NG\u00c2N H\u00c0NG THANH TO\u00c1N QUA H\u00ccNH TH\u1ee8C CHUY\u1ec2N KHO\u1ea2N NG\u00c2N H\u00c0NG<\/h3><\/div><\/div><\/div>\n<div class=\"wp-block-columns is-layout-flex wp-container-core-columns-is-layout-9d6595d7 wp-block-columns-is-layout-flex\">\n<div class=\"wp-block-column is-layout-flow wp-block-column-is-layout-flow\">\n<h4 class=\"wp-block-heading\">D\u00c0NH CHO C\u00c1 NH\u00c2N<\/h4>\n\n\n\n<p>Ng\u00e2n h\u00e0ng TMCP \u00c1 Ch\u00e2u<\/p>\n\n\n\n<p>Chi nh\u00e1nh: H\u1ed3 Ch\u00ed Minh<\/p>\n\n\n\n<p>Ch\u1ee7 t\u00e0i kho\u1ea3n: C\u00f4ng ty TNHH ADNS<\/p>\n\n\n\n<p>S\u1ed1 t\u00e0i kho\u1ea3n: 198550049<\/p>\n<\/div>\n\n\n\n<div class=\"wp-block-column is-layout-flow wp-block-column-is-layout-flow\">\n<h4 class=\"wp-block-heading\">D\u00c0NH CHO DOANH NGHI\u1ec6P<\/h4>\n\n\n\n<p>Ng\u00e2n h\u00e0ng TMCP \u00c1 Ch\u00e2u<\/p>\n\n\n\n<p>Chi nh\u00e1nh: H\u1ed3 Ch\u00ed Minh<\/p>\n\n\n\n<p>Ch\u1ee7 t\u00e0i kho\u1ea3n: C\u00f4ng ty TNHH ADNS<\/p>\n\n\n\n<p>S\u1ed1 t\u00e0i kho\u1ea3n: 198550049<\/p>\n<\/div>\n<\/div>\n<div class='py-50px lg:py-80px xl:py-50px bg-white-100'><div class='inner'><div class='copy w-small table-three-col editor'><p>Last updated: 01\/12\/2021<\/p><\/div><\/div><\/div>","protected":false},"excerpt":{"rendered":"<p>Cyberbase h\u1ed7 tr\u1ee3 h\u00ecnh th\u1ee9c thanh to\u00e1n: Chuy\u1ec3n kho\u1ea3n ng\u00e2n h\u00e0ng. THANH TO\u00c1N B\u1eb0NG H\u00ccNH TH\u1ee8C CHUY\u1ec2N KHO\u1ea2N NG\u00c2N H\u00c0NG Sau khi ho\u00e0n t\u1ea5t c\u00e1c b\u01b0\u1edbc \u0111\u0103ng k\u00fd \u0111\u01a1n h\u00e0ng tr\u00ean website, Qu\u00fd kh\u00e1ch vui l\u00f2ng th\u1ef1c hi\u1ec7n c\u00e1c b\u01b0\u1edbc sau: B\u01b0\u1edbc 1: Chuy\u1ec3n kho\u1ea3n v\u00e0o m\u1ed9t trong nh\u1eefng t\u00e0i kho\u1ea3n \u0111\u01b0\u1ee3c li\u1ec7t k\u00ea t\u1ea1i [&hellip;]<\/p>","protected":false},"author":1,"featured_media":0,"parent":65,"menu_order":0,"comment_status":"closed","ping_status":"closed","template":"templates\/information.php","meta":{"_editorskit_title_hidden":false,"_editorskit_reading_time":0,"_editorskit_is_block_options_detached":false,"_editorskit_block_options_position":"{}","inline_featured_image":false,"footnotes":""},"class_list":["post-75","page","type-page","status-publish","hentry"],"acf":[],"_links":{"self":[{"href":"https:\/\/cyberbase.vn\/en\/wp-json\/wp\/v2\/pages\/75","targetHints":{"allow":["GET"]}}],"collection":[{"href":"https:\/\/cyberbase.vn\/en\/wp-json\/wp\/v2\/pages"}],"about":[{"href":"https:\/\/cyberbase.vn\/en\/wp-json\/wp\/v2\/types\/page"}],"author":[{"embeddable":true,"href":"https:\/\/cyberbase.vn\/en\/wp-json\/wp\/v2\/users\/1"}],"replies":[{"embeddable":true,"href":"https:\/\/cyberbase.vn\/en\/wp-json\/wp\/v2\/comments?post=75"}],"version-history":[{"count":8,"href":"https:\/\/cyberbase.vn\/en\/wp-json\/wp\/v2\/pages\/75\/revisions"}],"predecessor-version":[{"id":3220,"href":"https:\/\/cyberbase.vn\/en\/wp-json\/wp\/v2\/pages\/75\/revisions\/3220"}],"up":[{"embeddable":true,"href":"https:\/\/cyberbase.vn\/en\/wp-json\/wp\/v2\/pages\/65"}],"wp:attachment":[{"href":"https:\/\/cyberbase.vn\/en\/wp-json\/wp\/v2\/media?parent=75"}],"curies":[{"name":"wp","href":"https:\/\/api.w.org\/{rel}","templated":true}]}}