{"id":69,"date":"2021-11-27T17:34:05","date_gmt":"2021-11-27T17:34:05","guid":{"rendered":"https:\/\/cyberbase.vn\/?page_id=69"},"modified":"2021-12-01T14:17:38","modified_gmt":"2021-12-01T14:17:38","slug":"doi-tra","status":"publish","type":"page","link":"https:\/\/cyberbase.vn\/en\/chinh-sach\/doi-tra\/","title":{"rendered":"Refund, exchange, warranty"},"content":{"rendered":"<div class='py-50px lg:py-80px xl:py-50px bg-white-100'>\n<div class='inner'>\n<div class='copy w-small table-three-col editor'>\n<h2 style=\"text-align: Justify;\"><strong>1. Policy Description<\/strong><\/h2>\n<p style=\"text-align: Justify;\">At Cyberbase, we support refunds within 30 days from the time your service is activated on the system (excluding the service trial period), you will be refunded and refunded will be described below.<\/p>\n<p style=\"text-align: Justify;\">Refund applies to all services provided by Cyberbase (except services: Domain, SSL, License \u2013 no refunds).<\/p>\n<ul style=\"text-align: Justify;\">\n<li>For Hosting and VPS services: 100% refund within 07 days from the date of service registration. After 07 days, the corresponding amount will be refunded after deducting the service amount used by day.<\/li>\n<li>For Server services: refund the corresponding amount after deducting the service amount used by day.<\/li>\n<li>Promotions come in two forms:\n<ul>\n<li>No refund method: no refund after 07 days as mentioned above.<\/li>\n<li>Applying a refund will be charged as follows: Total amount transferred by the customer \u2013 used cost (non-promotional value \/ service cycle * number of days used) = Refund amount to guest.<\/li>\n<\/ul>\n<\/li>\n<\/ul>\n<h2 style=\"text-align: Justify;\"><strong>2. Refund conditions apply<\/strong><\/h2>\n<p style=\"text-align: Justify;\">2.1: The above refund policy is applied only once for customers using the service at Cyberbase, for the second refund request on the same service account or on the same customer information we have right to refuse the above refund. (To identify the same user, we will use a comparison method with user records including ID card, domain name used, registered phone number or business tax code)<\/p>\n<p style=\"text-align: Justify;\">2.2: For all customer refund requests are met (except for services: Domain, SSL, License and participating in the Promotion, which do not apply refund). .<\/p>\n<p style=\"text-align: Justify;\">2.3: During the term of using Cyberbase&#039;s services (except for services: Domain, SSL, License) that unexpected problems arise from Cyberbase&#039;s system and cannot continue to use the service because Cyberbase does not guarantee If the parameters are not guaranteed or do not match the value paid on the official website of Cyberbase, we will review and apply a refund based on the remaining time of your service package. show previous payment.<\/p>\n<p style=\"text-align: Justify;\">2.4: We reserve the right to refuse a refund if you violate one of the Terms of Use in section 1 of the Terms of Use of the Service because the problem arises not from Cyberbase and conflicts with Section 1. 2.3 in section 2 Conditions of application and refund. Some of the common cases that will not be refunded include:<\/p>\n<ul style=\"text-align: Justify;\">\n<li>Customers who downgrade or change the type of service on Cyberbase&#039;s system, excess costs will not be refunded and will be accumulated on the respective service.<\/li>\n<li>Customers using the service violate current and international laws of the Socialist Republic of Vietnam according to the listed terms, the service will be locked and refunds will not be applied in this case. .<\/li>\n<\/ul>\n<h2 style=\"text-align: Justify;\"><strong>3. Refund Instructions<\/strong><\/h2>\n<p style=\"text-align: Justify;\">In some cases where the service does not meet the technical requirements that we have committed or for any other reason that you find unsatisfied, please send a request (phone, chat, email, ticket) Describe in detail to the reception department such as Tech Support, Sales, Accounting. After that, the information will be transferred to Sales to manage that customer to carry out the procedures to recalculate the cost and refund the customer&#039;s account. Before submitting a refund request, customers must make sure that they have backed up all data on Hosting\/VPS\/Server.<\/p>\n<p style=\"text-align: Justify;\">The detailed description of the information will help Cyberbase to understand the reason and be able to assist you or this is also one of the recommendations to help your refund request happen quickly and effectively. most satisfaction.<\/p>\n<p style=\"text-align: Justify;\">For any support questions or difficulties in using our services, the technical support team is available 24\/7 and ready to answer and assist you in any problems. the most difficult scene when using.<\/p>\n<h2 style=\"text-align: Justify;\"><strong>4. Time to make a refund<\/strong><\/h2>\n<p style=\"text-align: Justify;\">When a customer submits a refund request to the support department at Cyberbase, the refund will be processed within the next business day.<\/p>\n<p style=\"text-align: Justify;\">Refund time depends on the payment method that you have made to pay for Cyberbase services as follows:<\/p>\n<figure class=\"wp-block-table\">\n<table>\n<tbody>\n<tr>\n<td><strong>Payments<\/strong><\/td>\n<td><strong>Processing time (from the date of request for refund)<\/strong><\/td>\n<\/tr>\n<tr>\n<td>ATM\/Internet Banking<\/td>\n<td>7 \u2013 14 Days<\/td>\n<\/tr>\n<tr>\n<td>Visa\/Mastercard<\/td>\n<td>7 \u2013 90 Days<\/td>\n<\/tr>\n<\/tbody>\n<\/table>\n<\/figure>\n<h2 style=\"text-align: Justify;\"><strong>5. Change policy information<\/strong><\/h2>\n<p style=\"text-align: Justify;\">Cyberbase fully reserves the right to change or update the above policies to help ensure the interests between customers and service providers (Cyberbase) in the process of service delivery and provision.<\/p>\n<p style=\"text-align: Justify;\">Last updated: 01\/12\/2021<\/p>\n<\/div>\n<\/div>\n<\/div>","protected":false},"excerpt":{"rendered":"<p>1. M\u00f4 t\u1ea3 ch\u00ednh s\u00e1ch T\u1ea1i Cyberbase, ch\u00fang t\u00f4i h\u1ed7 tr\u1ee3 vi\u1ec7c ho\u00e0n ti\u1ec1n trong v\u00f2ng 30 ng\u00e0y k\u1ec3 t\u1eeb khi d\u1ecbch v\u1ee5 c\u1ee7a qu\u00fd kh\u00e1ch \u0111\u01b0\u1ee3c k\u00edch ho\u1ea1t tr\u00ean h\u1ec7 th\u1ed1ng (kh\u00f4ng t\u00ednh th\u1eddi gian d\u00f9ng th\u1eed d\u1ecbch v\u1ee5), qu\u00fd kh\u00e1ch s\u1ebd \u0111\u01b0\u1ee3c ho\u00e0n ti\u1ec1n v\u00e0 h\u00ecnh th\u1ee9c ho\u00e0n ti\u1ec1n s\u1ebd \u0111\u01b0\u1ee3c m\u00f4 t\u1ea3 [&hellip;]<\/p>","protected":false},"author":1,"featured_media":0,"parent":65,"menu_order":0,"comment_status":"closed","ping_status":"closed","template":"templates\/information.php","meta":{"_editorskit_title_hidden":false,"_editorskit_reading_time":0,"_editorskit_is_block_options_detached":false,"_editorskit_block_options_position":"{}","inline_featured_image":false,"footnotes":""},"class_list":["post-69","page","type-page","status-publish","hentry"],"acf":[],"_links":{"self":[{"href":"https:\/\/cyberbase.vn\/en\/wp-json\/wp\/v2\/pages\/69","targetHints":{"allow":["GET"]}}],"collection":[{"href":"https:\/\/cyberbase.vn\/en\/wp-json\/wp\/v2\/pages"}],"about":[{"href":"https:\/\/cyberbase.vn\/en\/wp-json\/wp\/v2\/types\/page"}],"author":[{"embeddable":true,"href":"https:\/\/cyberbase.vn\/en\/wp-json\/wp\/v2\/users\/1"}],"replies":[{"embeddable":true,"href":"https:\/\/cyberbase.vn\/en\/wp-json\/wp\/v2\/comments?post=69"}],"version-history":[{"count":3,"href":"https:\/\/cyberbase.vn\/en\/wp-json\/wp\/v2\/pages\/69\/revisions"}],"predecessor-version":[{"id":218,"href":"https:\/\/cyberbase.vn\/en\/wp-json\/wp\/v2\/pages\/69\/revisions\/218"}],"up":[{"embeddable":true,"href":"https:\/\/cyberbase.vn\/en\/wp-json\/wp\/v2\/pages\/65"}],"wp:attachment":[{"href":"https:\/\/cyberbase.vn\/en\/wp-json\/wp\/v2\/media?parent=69"}],"curies":[{"name":"wp","href":"https:\/\/api.w.org\/{rel}","templated":true}]}}