{"id":67,"date":"2021-11-27T17:33:04","date_gmt":"2021-11-27T17:33:04","guid":{"rendered":"https:\/\/cyberbase.vn\/?page_id=67"},"modified":"2021-12-01T14:21:13","modified_gmt":"2021-12-01T14:21:13","slug":"mua-hang-giao-hang","status":"publish","type":"page","link":"https:\/\/cyberbase.vn\/en\/chinh-sach\/mua-hang-giao-hang\/","title":{"rendered":"Purchase &amp; Delivery"},"content":{"rendered":"<div class='py-50px lg:py-80px xl:py-50px bg-white-100'>\n<div class='inner'>\n<div class='copy w-small table-three-col editor'>\n<h2 style=\"text-align: Justify;\"><strong>1.<\/strong>\u00a0<strong>H\u01af\u1edaNG D\u1eaaN MUA H\u00c0NG<\/strong><\/h2>\n<h3 style=\"text-align: Justify;\"><strong>\u0110\u0103ng nh\u1eadp v\u00e0o trang kh\u00e1ch h\u00e0ng<\/strong><\/h3>\n<p style=\"text-align: Justify;\">Truy c\u1eadp v\u00e0o trang https:\/\/cyberbase.vn \u0111\u1ec3 th\u1ef1c hi\u1ec7n \u0111\u0103ng nh\u1eadp ho\u1eb7c t\u1ea1o m\u1edbi t\u00e0i kho\u1ea3n kh\u00e1ch h\u00e0ng. Ch\u1ecdn \u201c<strong>\u0110\u0103ng nh\u1eadp<\/strong>\u201d n\u1ebfu \u0111\u00e3 c\u00f3 s\u1eb5n t\u00e0i kho\u1ea3n.<\/p>\n<figure class=\"wp-block-image size-large\"><img loading=\"lazy\" decoding=\"async\" class=\"wp-image-131\" src=\"https:\/\/cyberbase.vn\/wp-content\/uploads\/2021\/11\/image-1024x554.png\" sizes=\"auto, (max-width: 1024px) 100vw, 1024px\" srcset=\"https:\/\/cyberbase.vn\/wp-content\/uploads\/2021\/11\/image-1024x554.png 1024w, https:\/\/cyberbase.vn\/wp-content\/uploads\/2021\/11\/image-300x162.png 300w, https:\/\/cyberbase.vn\/wp-content\/uploads\/2021\/11\/image-768x416.png 768w, https:\/\/cyberbase.vn\/wp-content\/uploads\/2021\/11\/image-1536x832.png 1536w, https:\/\/cyberbase.vn\/wp-content\/uploads\/2021\/11\/image.png 1544w\" alt=\"\" width=\"1024\" height=\"554\" title=\"\"><\/figure>\n<h3 style=\"text-align: Justify;\"><strong>\u0110\u0103ng k\u00fd D\u1ecbch V\u1ee5 v\u00e0 \u0110\u1eb7t h\u00e0ng<\/strong><\/h3>\n<p style=\"text-align: Justify;\">\u1ede m\u1ee5c S\u1ea3n ph\u1ea9m, b\u1ea1n ch\u1ecdn d\u1ecbch v\u1ee5 mong mu\u1ed1n v\u00e0 ti\u1ebfn h\u00e0nh \u0111\u0103ng k\u00fd.<\/p>\n<figure class=\"wp-block-image size-large\"><img loading=\"lazy\" decoding=\"async\" class=\"wp-image-132\" src=\"https:\/\/cyberbase.vn\/wp-content\/uploads\/2021\/11\/image-1-1024x563.png\" sizes=\"auto, (max-width: 1024px) 100vw, 1024px\" srcset=\"https:\/\/cyberbase.vn\/wp-content\/uploads\/2021\/11\/image-1-1024x563.png 1024w, https:\/\/cyberbase.vn\/wp-content\/uploads\/2021\/11\/image-1-300x165.png 300w, https:\/\/cyberbase.vn\/wp-content\/uploads\/2021\/11\/image-1-768x423.png 768w, https:\/\/cyberbase.vn\/wp-content\/uploads\/2021\/11\/image-1.png 1474w\" alt=\"\" width=\"1024\" height=\"563\" title=\"\"><\/figure>\n<h3 style=\"text-align: Justify;\"><strong>Ch\u1ecdn g\u00f3i d\u1ecbch v\u1ee5 \u0111\u1ed1i v\u1edbi<\/strong>\u00a0<strong>VPS\/Hosting<\/strong><\/h3>\n<p style=\"text-align: Justify;\">T\u1ea1i \u0111\u00e2y s\u1ebd c\u00f3 r\u1ea5t nhi\u1ec1u g\u00f3i Hosting\/VPS, b\u1ea1n ch\u1ecdn g\u00f3i theo nhu c\u1ea7u m\u00e0 b\u1ea1n c\u1ea7n. C\u00f3 2 th\u00f4ng s\u1ed1 c\u1ea7n l\u01b0u \u00fd khi ch\u1ecdn g\u00f3i Hosting\/VPS:<\/p>\n<ul>\n<li style=\"text-align: Justify;\">Dung l\u01b0\u1ee3ng \u0111\u0129a: N\u1ebfu website c\u00f3 dung l\u01b0\u1ee3ng l\u1edbn th\u00ec c\u1ea7n ch\u1ecdn g\u00f3i c\u00f3 dung l\u01b0\u1ee3ng l\u01b0\u1ee3ng \u0111\u0129a nhi\u1ec1u h\u01a1n.<\/li>\n<li style=\"text-align: Justify;\">RAM: Tu\u1ef3 thu\u1ed9c v\u00e0o m\u00e3 ngu\u1ed3n ch\u1ea1y tr\u00ean website, b\u1ea1n ti\u1ebfn h\u00e0nh ch\u1ecdn dung l\u01b0\u1ee3ng ph\u00f9 h\u1ee3p, L\u01b0\u1ee3ng RAM khuy\u00ean d\u00f9ng l\u00e0 t\u1eeb 2GB tr\u1edf l\u00ean.<\/li>\n<\/ul>\n<p style=\"text-align: Justify;\">B\u1ea5m ch\u1ecdn\u00a0<strong>Register now<\/strong>\u00a0g\u00f3i d\u1ecbch v\u1ee5 b\u1ea1n c\u1ea7n mua.<\/p>\n<h3 style=\"text-align: Justify;\"><strong>Ch\u1ecdn t\u00ean mi\u1ec1n \u0111\u1ed1i v\u1edbi d\u1ecbch v\u1ee5 cloud hosting.<\/strong><\/h3>\n<p style=\"text-align: Justify;\">Ri\u00eang \u0111\u1ed1i v\u1edbi d\u1ecbch v\u1ee5 hosting khi \u0111\u0103ng k\u00fd b\u1ea1n c\u1ea7n nh\u1eadp t\u00ean mi\u1ec1n cho g\u00f3i hosting v\u1edbi 3 tu\u1ef3 ch\u1ecdn nh\u01b0 sau :<\/p>\n<ul>\n<li style=\"text-align: Justify;\">\u0110\u0103ng k\u00fd t\u00ean mi\u1ec1n m\u1edbi: B\u1ea1n ch\u01b0a c\u00f3 t\u00ean mi\u1ec1n v\u00e0 mu\u1ed1n \u0111\u0103ng k\u00fd 1 t\u00ean mi\u1ec1n m\u1edbi ho\u00e0n to\u00e0n \u0111\u1ec3 s\u1eed d\u1ee5ng c\u00f9ng Hosting.<\/li>\n<li style=\"text-align: Justify;\">Chuy\u1ec3n t\u00ean mi\u1ec1n c\u1ee7a b\u1ea1n t\u1eeb \u0111\u01a1n v\u1ecb \u0111\u0103ng k\u00fd kh\u00e1c: B\u1ea1n \u0111\u00e3 c\u00f3 t\u00ean mi\u1ec1n v\u00e0 mu\u1ed1n chuy\u1ec3n t\u00ean mi\u1ec1n sang Cyberbase \u0111\u1ec3 qu\u1ea3n l\u00fd v\u00e0 gia h\u1ea1n t\u00ean mi\u1ec1n c\u1ee7a m\u00ecnh.<\/li>\n<li style=\"text-align: Justify;\">T\u00f4i s\u1ebd s\u1eed d\u1ee5ng t\u00ean mi\u1ec1n hi\u1ec7n c\u00f3 v\u00e0 c\u1eadp nh\u1eadp nameservers c\u1ee7a m\u00ecnh:<\/li>\n<\/ul>\n<p style=\"text-align: Justify;\">V\u00ed d\u1ee5: Trong tr\u01b0\u1eddng h\u1ee3p n\u00e0y m\u00ecnh \u0111\u00e3 c\u00f3 t\u00ean mi\u1ec1n t\u00ean l\u00e0 support.cyberbase.vn \u0111\u0103ng k\u00fd t\u1ea1i n\u01a1i kh\u00e1c, m\u00ecnh ch\u1ecdn t\u00f9y ch\u1ecdn 3.<\/p>\n<p style=\"text-align: Justify;\">V\u00e0o trang qu\u1ea3n l\u00fd DNS c\u1ee7a t\u00ean mi\u1ec1n support.cyberbase.vn \u1edf n\u01a1i m\u00ecnh \u0111\u0103ng k\u00fd v\u00e0 chuy\u1ec3n Nameservers c\u1ee7a t\u00ean mi\u1ec1n support.cyberbase.vn sang ns3.cyberbase.vn, ns4.cyberbase.vn \u0111\u1ec3 ho\u1ea1t \u0111\u1ed9ng v\u1edbi Hosting.<\/p>\n<h3 style=\"text-align: Justify;\"><strong>Thanh to\u00e1n &amp; G<\/strong><strong>i\u1ecf h\u00e0ng<\/strong><\/h3>\n<p style=\"text-align: Justify;\">Sau khi ch\u1ecdn ph\u01b0\u01a1ng th\u1ee9c thanh to\u00e1n xong, b\u1ea5m ch\u1ecdn \u201cThanh to\u00e1n\u201d \u0111\u1ec3 ho\u00e0n t\u1ea5t. Tr\u00ecnh duy\u1ec7t s\u1ebd chuy\u1ec3n b\u1ea1n sang 1 trang kh\u00e1c \u0111\u1ec3 nh\u1eadp c\u00e1c th\u00f4ng tin thanh to\u00e1n v\u00e0 th\u1ef1c hi\u1ec7n thanh to\u00e1n.<\/p>\n<p style=\"text-align: Justify;\">Khi khi thanh to\u00e1n ho\u00e0n t\u1ea5t, d\u1ecbch v\u1ee5 s\u1ebd \u0111\u01b0\u1ee3c t\u1ef1 \u0111\u1ed9ng k\u00edch ho\u1ea1t. Th\u00f4ng tin v\u1ec1 d\u1ecbch v\u1ee5 s\u1ebd \u0111\u01b0\u1ee3c Cyberbase g\u1eedi qua email th\u00f4ng b\u00e1o cho b\u1ea1n qua \u0111\u1ecba ch\u1ec9 email \u0111\u00e3 \u0111\u0103ng k\u00fd \u1edf b\u01b0\u1edbc tr\u00ean.<\/p>\n<p style=\"text-align: Justify;\">D\u00f9ng th\u1eed 7 ng\u00e0y: B\u1ea1n b\u1ea5m ch\u1ecdn \u201cThanh to\u00e1n\u201d nh\u01b0ng kh\u00f4ng c\u1ea7n thanh to\u00e1n. Sau khi thanh to\u00e1n s\u1ebd c\u00f3 email \u0111\u01b0\u1ee3c g\u1eedi t\u1edbi h\u1ed9p mail v\u1edbi ti\u00eau \u0111\u1ec1 Th\u00f4ng tin t\u00e0i kho\u1ea3n Hosting<\/p>\n<p style=\"text-align: Justify;\">Tr\u01b0\u1eddng h\u1ee3p kh\u00f4ng c\u00f3 email g\u1eedi v\u1ec1, b\u1ea1n c\u00f3 th\u1ec3 g\u1eedi y\u00eau c\u1ea7u h\u1ed7 tr\u1ee3 (ticket) t\u1edbi Cyberbase \u0111\u1ec3 \u0111\u01b0\u1ee3c ki\u1ec3m tra nguy\u00ean nh\u00e2n v\u00e0 kh\u1eafc ph\u1ee5c.<\/p>\n<h2 style=\"text-align: Justify;\"><strong>2. CH\u00cdNH S\u00c1CH GIAO H\u00c0NG<\/strong><\/h2>\n<p style=\"text-align: Justify;\">Cyberbase cung c\u1ea5p d\u1ecbch v\u1ee5 online tr\u00ean to\u00e0n qu\u1ed1c. C\u00e1c d\u1ecbch v\u1ee5 s\u1ebd \u0111\u01b0\u1ee3c \u0111\u0103ng k\u00fd v\u00e0 s\u1eed d\u1ee5ng online. \u0110\u1ea3m b\u1ea3o h\u00e0ng \u0111\u01b0\u1ee3c chuy\u1ec3n \u0111\u1ebfn cho kh\u00e1ch h\u00e0ng \u0111\u00fang m\u1eb7t h\u00e0ng m\u00e0 kh\u00e1ch h\u00e0ng \u0111\u00e3 \u0111\u1eb7t trong \u0111\u01a1n h\u00e0ng.<\/p>\n<h3 style=\"text-align: Justify;\"><strong>V\u1edbi d\u1ecbch v\u1ee5 l\u01b0u tr\u1eef:\u00a0<\/strong><\/h3>\n<p style=\"text-align: Justify;\">\u0110\u1ed1i v\u1edbi c\u00e1c d\u1ecbch v\u1ee5 Hosting, t\u00ean mi\u1ec1n, VPS, Cyberbase s\u1ebd k\u00edch ho\u1ea1t v\u00e0 g\u1eedi th\u00f4ng tin t\u00e0i kho\u1ea3n qua email ngay khi x\u00e1c nh\u1eadn \u0111\u01b0\u1ee3c \u0111\u01a1n h\u00e0ng \u0111\u00e3 \u0111\u01b0\u1ee3c thanh to\u00e1n th\u00e0nh c\u00f4ng ho\u1eb7c h\u01b0\u1edbng d\u1eabn cho kh\u00e1ch h\u00e0ng khi nghi\u1ec7m thu, b\u00e0n giao s\u1ea3n ph\u1ea9m tr\u1ef1c ti\u1ebfp v\u1edbi kh\u00e1ch h\u00e0ng.<\/p>\n<h3 style=\"text-align: Justify;\"><strong>\u0110\u1ed1i v\u1edbi d\u1ecbch v\u1ee5 SEO, marketing:<\/strong><\/h3>\n<p style=\"text-align: Justify;\">Ngay sau khi k\u00fd h\u1ee3p \u0111\u1ed3ng, kh\u00e1ch h\u00e0ng thanh to\u00e1n ph\u00ed cho Cyberbase, ch\u00fang t\u00f4i s\u1ebd l\u1eadp t\u1ee9c th\u1ef1c hi\u1ec7n chi\u1ebfn d\u1ecbch qu\u1ea3ng c\u00e1o, SEO, marketing, th\u1eddi gian t\u00f9y thu\u1ed9c v\u00e0o th\u1ecfa thu\u1eadn c\u1ee7a hai b\u00ean. Sau khi ho\u00e0n th\u00e0nh, qu\u1ea3ng c\u00e1o hi\u1ec3n th\u1ecb, Cyberbase s\u1ebd th\u00f4ng b\u00e1o cho kh\u00e1ch h\u00e0ng th\u00f4ng qua e-mail, ho\u1eb7c g\u1ecdi \u0111i\u1ec7n tho\u1ea1i th\u00f4ng b\u00e1o tr\u1ef1c ti\u1ebfp. Kh\u00e1ch h\u00e0ng c\u00f3 ngh\u0129a v\u1ee5 theo d\u00f5i, th\u00f4ng b\u00e1o cho Cyberbase n\u1ebfu ph\u00e1t hi\u1ec7n qu\u1ea3ng c\u00e1o kh\u00f4ng \u0111\u00fang v\u1edbi th\u1ecfa thu\u1eadn, Cyberbase s\u1ebd gi\u1ea3i quy\u1ebft s\u1ef1 c\u1ed1 trong v\u00f2ng 24 gi\u1edd.<\/p>\n<p style=\"text-align: Justify;\">Sau khi d\u1ecbch v\u1ee5 \u0111\u01b0\u1ee3c k\u00edch ho\u1ea1t ho\u1eb7c h\u1ee3p \u0111\u1ed3ng \u0111\u00e3 \u0111\u01b0\u1ee3c k\u00fd k\u1ebft th\u00e0nh c\u00f4ng, m\u1ecdi v\u1ea5n \u0111\u1ec1 ph\u00e1t sinh v\u1ec1 quy tr\u00ecnh giao \u2013 nh\u1eadn s\u1ebd \u0111\u01b0\u1ee3c gi\u1ea3i quy\u1ebft theo ch\u00ednh s\u00e1ch khi\u1ebfu n\u1ea1i c\u1ee7a Cyberbase.<\/p>\n<p style=\"text-align: Justify;\">Last updated: 01\/12\/2021<\/p>\n<\/div>\n<\/div>\n<\/div>","protected":false},"excerpt":{"rendered":"<p>1.\u00a0H\u01af\u1edaNG D\u1eaaN MUA H\u00c0NG \u0110\u0103ng nh\u1eadp v\u00e0o trang kh\u00e1ch h\u00e0ng Truy c\u1eadp v\u00e0o trang https:\/\/cyberbase.vn \u0111\u1ec3 th\u1ef1c hi\u1ec7n \u0111\u0103ng nh\u1eadp ho\u1eb7c t\u1ea1o m\u1edbi t\u00e0i kho\u1ea3n kh\u00e1ch h\u00e0ng. Ch\u1ecdn \u201c\u0110\u0103ng nh\u1eadp\u201d n\u1ebfu \u0111\u00e3 c\u00f3 s\u1eb5n t\u00e0i kho\u1ea3n. \u0110\u0103ng k\u00fd D\u1ecbch V\u1ee5 v\u00e0 \u0110\u1eb7t h\u00e0ng \u1ede m\u1ee5c S\u1ea3n ph\u1ea9m, b\u1ea1n ch\u1ecdn d\u1ecbch v\u1ee5 mong mu\u1ed1n v\u00e0 ti\u1ebfn [&hellip;]<\/p>","protected":false},"author":1,"featured_media":0,"parent":65,"menu_order":0,"comment_status":"closed","ping_status":"closed","template":"templates\/information.php","meta":{"_editorskit_title_hidden":false,"_editorskit_reading_time":0,"_editorskit_is_block_options_detached":false,"_editorskit_block_options_position":"{}","inline_featured_image":false,"footnotes":""},"class_list":["post-67","page","type-page","status-publish","hentry"],"acf":[],"_links":{"self":[{"href":"https:\/\/cyberbase.vn\/en\/wp-json\/wp\/v2\/pages\/67","targetHints":{"allow":["GET"]}}],"collection":[{"href":"https:\/\/cyberbase.vn\/en\/wp-json\/wp\/v2\/pages"}],"about":[{"href":"https:\/\/cyberbase.vn\/en\/wp-json\/wp\/v2\/types\/page"}],"author":[{"embeddable":true,"href":"https:\/\/cyberbase.vn\/en\/wp-json\/wp\/v2\/users\/1"}],"replies":[{"embeddable":true,"href":"https:\/\/cyberbase.vn\/en\/wp-json\/wp\/v2\/comments?post=67"}],"version-history":[{"count":13,"href":"https:\/\/cyberbase.vn\/en\/wp-json\/wp\/v2\/pages\/67\/revisions"}],"predecessor-version":[{"id":225,"href":"https:\/\/cyberbase.vn\/en\/wp-json\/wp\/v2\/pages\/67\/revisions\/225"}],"up":[{"embeddable":true,"href":"https:\/\/cyberbase.vn\/en\/wp-json\/wp\/v2\/pages\/65"}],"wp:attachment":[{"href":"https:\/\/cyberbase.vn\/en\/wp-json\/wp\/v2\/media?parent=67"}],"curies":[{"name":"wp","href":"https:\/\/api.w.org\/{rel}","templated":true}]}}