{"id":3322,"date":"2022-01-26T19:59:32","date_gmt":"2022-01-26T12:59:32","guid":{"rendered":"https:\/\/cyberbase.vn\/?page_id=3322"},"modified":"2022-01-29T19:40:41","modified_gmt":"2022-01-29T12:40:41","slug":"google-snippet-with-structured-snippets","status":"publish","type":"page","link":"https:\/\/cyberbase.vn\/en\/google-snippet-with-structured-snippets\/","title":{"rendered":"Google snippet with Structured Snippets"},"content":{"rendered":"<table class=\"table table-striped table-bordered\" style=\"height: 300px; width: 600px;\" border=\"0\" cellspacing=\"1\" cellpadding=\"1\">\n  <tbody>\n    <tr>\n      <td><span style=\"font-size: 16px;\"><span style=\"font-family: arial,helvetica,sans-serif;\">\u2705 Giao di\u1ec7n\n            \u0111\u1eb9p<\/span><\/span><\/td>\n      <td><span style=\"font-size: 16px;\"><span style=\"font-family: arial,helvetica,sans-serif;\"><strong>\u2b50 <\/strong>Giao\n            di\u1ec7n \u0111\u1eb9p, thi\u1ebft k\u1ebf chuy\u00ean nghi\u1ec7p, khoa h\u1ecdc, \u0111\u1ea3m b\u1ea3o ch\u1ea5t l\u01b0\u1ee3ng<\/span><\/span><\/td>\n    <\/tr>\n    <tr>\n      <td><span style=\"font-size: 16px;\"><span style=\"font-family: arial,helvetica,sans-serif;\">\u2705 T\u00ean mi\u1ec1n<\/span><\/span>\n      <\/td>\n      <td><span style=\"font-size: 16px;\"><span style=\"font-family: arial,helvetica,sans-serif;\"><strong>\u2b50<\/strong>T\u00ean\n            mi\u1ec1n qu\u1ed1c gia Vi\u1ec7t Nam, t\u00ean mi\u1ec1n Qu\u1ed1c t\u1ebf \u0111\u0103ng k\u00fd th\u00f4ng tin ch\u1ee7 th\u1ec3 \u0111\u1ea7y \u0111\u1ee7<\/span><\/span><\/td>\n    <\/tr>\n    <tr>\n      <td><span style=\"font-size: 16px;\"><span style=\"font-family: arial,helvetica,sans-serif;\">\u2705 Seo t\u1eeb kh\u00f3a top\n            google<\/span><\/span><\/td>\n      <td><span style=\"font-size: 16px;\"><span style=\"font-family: arial,helvetica,sans-serif;\"><strong>\u2b50<\/strong>Thu\n            h\u00fat h\u00e0ng ng\u00e0n l\u01b0\u1ee3t kh\u00e1ch h\u00e0ng ti\u1ec1m n\u0103ng t\u1eeb c\u00f4ng c\u1ee5 t\u00ecm ki\u1ebfm Google<\/span><\/span><\/td>\n    <\/tr>\n    <tr>\n      <td><span style=\"font-size: 16px;\"><span style=\"font-family: arial,helvetica,sans-serif;\">\u2705 Hosting\/VPS kh\u1ee7ng gi\u00e1\n            r\u1ebb<\/span><\/span><\/td>\n      <td><span style=\"font-size: 16px;\"><span style=\"font-family: arial,helvetica,sans-serif;\"><strong>\u2b50<\/strong>Cung\n            c\u1ea5p c\u00e1c g\u00f3i hosting, VPS kh\u1ee7ng gi\u00e1 r\u1ebb h\u1ea5p d\u1eabn, t\u1ed1i \u01b0u chi ph\u00ed cho doanh nghi\u1ec7p c\u1ee7a b\u1ea1n<\/span><\/span><\/td>\n    <\/tr>\n  <\/tbody>\n<\/table>\n\n\n\n<p><\/p>","protected":false},"excerpt":{"rendered":"<p>\u2705 Giao di\u1ec7n \u0111\u1eb9p \u2b50 Giao di\u1ec7n \u0111\u1eb9p, thi\u1ebft k\u1ebf chuy\u00ean nghi\u1ec7p, khoa h\u1ecdc, \u0111\u1ea3m b\u1ea3o ch\u1ea5t l\u01b0\u1ee3ng \u2705 T\u00ean mi\u1ec1n \u2b50T\u00ean mi\u1ec1n qu\u1ed1c gia Vi\u1ec7t Nam, t\u00ean mi\u1ec1n Qu\u1ed1c t\u1ebf \u0111\u0103ng k\u00fd th\u00f4ng tin ch\u1ee7 th\u1ec3 \u0111\u1ea7y \u0111\u1ee7 \u2705 Seo t\u1eeb kh\u00f3a top google \u2b50Thu h\u00fat h\u00e0ng ng\u00e0n l\u01b0\u1ee3t kh\u00e1ch h\u00e0ng ti\u1ec1m n\u0103ng t\u1eeb [&hellip;]<\/p>","protected":false},"author":1,"featured_media":0,"parent":0,"menu_order":0,"comment_status":"closed","ping_status":"closed","template":"","meta":{"_editorskit_title_hidden":false,"_editorskit_reading_time":0,"_editorskit_is_block_options_detached":false,"_editorskit_block_options_position":"{}","inline_featured_image":false,"footnotes":""},"class_list":["post-3322","page","type-page","status-publish","hentry"],"acf":[],"_links":{"self":[{"href":"https:\/\/cyberbase.vn\/en\/wp-json\/wp\/v2\/pages\/3322","targetHints":{"allow":["GET"]}}],"collection":[{"href":"https:\/\/cyberbase.vn\/en\/wp-json\/wp\/v2\/pages"}],"about":[{"href":"https:\/\/cyberbase.vn\/en\/wp-json\/wp\/v2\/types\/page"}],"author":[{"embeddable":true,"href":"https:\/\/cyberbase.vn\/en\/wp-json\/wp\/v2\/users\/1"}],"replies":[{"embeddable":true,"href":"https:\/\/cyberbase.vn\/en\/wp-json\/wp\/v2\/comments?post=3322"}],"version-history":[{"count":4,"href":"https:\/\/cyberbase.vn\/en\/wp-json\/wp\/v2\/pages\/3322\/revisions"}],"predecessor-version":[{"id":3331,"href":"https:\/\/cyberbase.vn\/en\/wp-json\/wp\/v2\/pages\/3322\/revisions\/3331"}],"wp:attachment":[{"href":"https:\/\/cyberbase.vn\/en\/wp-json\/wp\/v2\/media?parent=3322"}],"curies":[{"name":"wp","href":"https:\/\/api.w.org\/{rel}","templated":true}]}}