{"id":3136,"date":"2021-12-25T11:26:40","date_gmt":"2021-12-25T11:26:40","guid":{"rendered":"https:\/\/cyberbase.vn\/?page_id=3136"},"modified":"2021-12-26T17:34:30","modified_gmt":"2021-12-26T17:34:30","slug":"chuong-trinh-khuyen-mai","status":"publish","type":"page","link":"https:\/\/cyberbase.vn\/en\/chuong-trinh-khuyen-mai\/","title":{"rendered":"Promotions"},"content":{"rendered":"<section class=\"banner banner-page\">\n\t<div class=\"img pb-0 h-200px md:h-300px lg:h-350px\">\n\t\t<picture>\n\t\t\t\t\t\t\n\t\t\t\t\t\t\t\t\t<source media=\"(min-width: 768px)\" srcset=\"https:\/\/cyberbase.vn\/wp-content\/uploads\/2021\/12\/Domain-1440-scaled.jpg\" \/>\n\t\t\t\t\n\t\t\t\t\t\t\t\t\t<img decoding=\"async\" class=\"object-cover object-top w-full h-full\" src=\"https:\/\/cyberbase.vn\/wp-content\/uploads\/2021\/12\/Domain375.jpg\" alt=\"\" title=\"\">\n\t\t\t\t\n\t\t\t\t\t<\/picture>\n\t\t<span class=\"hidden md:block md:absolute md:z-10 md:w-full md:h-full md:bg-black-25\"><\/span>\n\t<\/div>\n\n\t<div class=\"relative md:absolute md:top-0 md:left-0 md:z-10 md:w-full md:h-full md:flex md:justify-center md:items-center\">\n\t\t<span class=\"absolute z-10 rotate-180deg w-full h-40px bottom-full left-0 bg-gradient-gray-op2 md:hidden -mb-1px\"><\/span>\n\t\t<div class=\"inner px-0 md:px-20px relative z-20\">\n\t\t\t<div class=\"text-white-100 pt-30px pb-40px pl-15px pr-25px bg-gray-200 md:bg-transparent\">\n\t\t\t\t<h1 class=\"small mb-15px lg:mb-20px\">Build and elevate your brand<\/h1>\n\n\t\t\t\t<div class=\"copy text-16px leading-20px lg:text-20px lg:leading-25px mb-20px md:mb-30px lg:mb-35px\">\n\t\t\t\t\t<p>Register your domain name and protect your brand to be ready to do business online today.<\/p>\n\t\t\t\t<\/div>\n\n\t\t\t\t\t\t\t\t\t<form action=\"https:\/\/ap.cyberbase.vn\/cart.php\" method=\"GET\" data-trp-original-action=\"https:\/\/ap.cyberbase.vn\/cart.php\">\r\n  <input type=\"hidden\" name=\"a\" value=\"add\" \/>\r\n  <div class=\"md:flex md:flex-wrap md:items-center md:rounded-5px overflow-hidden md:p-6px md:bg-lightGray-500\">\r\n      <div class=\"flex-1 bg-lightGray-500 md:bg-transparent rounded-5px mb-10px md:mb-0\">\r\n          <input type=\"text\"\r\n              class=\"form-control w-full text-16px leading-20px lg:text-18px lg:py-12px px-15px py-15px md:py-13px text-gray-300 bg-lightGray-500\"\r\n              placeholder=\"Enter brand keywords, e.g. caphe.com\" name='query' pattern='^\\w+(\\.?\\w+)+$' oninput=\"domainValidateFunc()\" id=\"domain-input\">\r\n      <\/div>\r\n      <div class=\"flex flex-wrap md:flex-nowrap\">\r\n          <div class=\"w-full md:w-140px\">\r\n              <button\r\n                  class=\"btn btn-link rounded-5px w-full green-bg-white-text justify-center py-15px md:py-13px\">Find<\/button>\r\n          <\/div>\r\n          <div class=\"mt-10px w-full flex-1 md:mt-0 md:pl-10px md:w-146px md:pl-6px\">\r\n              <input type=\"hidden\" name=\"domain\" value=\"register\" \/>\r\n              <button onclick=\"this.previousElementSibling.value='transfer'\"\r\n                  class=\"btn btn-link rounded-5px w-full white-bg-black-text-w-border flex justify-center py-14px md:py-13px md:border-0\">Domain name transfer<\/button>\r\n          <\/div>\r\n      <\/div>\r\n  <\/div>\r\n<input type=\"hidden\" name=\"trp-form-language\" value=\"en\"\/><\/form>\r\n<div class=\"px-15px md:px-0 md:flex md:items-center justify-between mt-15px\">\r\n  <div class=\"copy text-13px leading-18px text-black-100 md:text-white-100\">\r\n      <p>.com, org, .net, .co, .info, .xyz, .agency, .media, .social, .biz, .pro, .studio, .io<\/p>\r\n  <\/div>\r\n  <div class=\"hidden md:block\">\r\n      <a href=\"#\" class=\"flex items-center text-green-100\">\r\n          <i class=\"not-italic text-13px leading-16px font-medium\">View all<\/i>\r\n          <i class=\"icon-arrow-right text-8px ml-9px\"><\/i>\r\n      <\/a>\r\n  <\/div>\r\n<\/div>\r\n\r\n<script>\r\nfunction domainValidateFunc(e) {\r\nvar input = document.querySelector('#domain-input');\r\n\r\ninput.addEventListener('input', updateValue);\r\n\r\nfunction updateValue(e) {\r\n  input.value = e.target.value.replace(\/[^A-Za-z0-9.\\-]\/, '');\r\n}\r\n}\r\n<\/script>\r\n\t\t\t\t\t\t\t<\/div>\n\t\t<\/div>\n\t<\/div>\n<\/section>\n<div class='py-50px lg:py-80px xl:py-50px bg-white-100'><div class='inner'><div class='copy w-small table-three-col editor'><p class=\"p1\">1. T\u00ean ch\u01b0\u01a1ng tr\u00ecnh: &#8220;<strong>Th\u00e1ng 12 nhi\u1ec1u \u01b0u \u0111\u00e3i \u2013 Kh\u1edfi \u0111\u1ea7u m\u1edbi v\u1edbi Cyberbase<\/strong>&#8220;<\/p>\n<p class=\"p1\">2. Th\u1eddi gian: \u00c1p d\u1ee5ng \u0111\u1ebfn 31\/12\/2021<\/p>\n<p class=\"p1\">3. H\u00ecnh th\u1ee9c khuy\u1ebfn m\u00e3i:<span class=\"Apple-converted-space\">\u00a0<\/span><\/p>\n<ul>\n<li class=\"p1\">MI\u1ec4N PH\u00cd t\u00ean mi\u1ec1n .cloud<span class=\"Apple-converted-space\">\u00a0<\/span><\/li>\n<li class=\"p1\">Mua t\u00ean mi\u1ec1n .com v\u1edbi gi\u00e1 ch\u1ec9 195.000\u0111\/n\u0103m<\/li>\n<li class=\"p1\">Mua ch\u1ee9ng ch\u1ec9 b\u1ea3o m\u1eadt Sectigo PositiveSSL v\u1edbi gi\u00e1 75.000\u0111\/n\u0103m<\/li>\n<\/ul>\n<p class=\"p1\">4. D\u1ecbch v\u1ee5 \u00e1p d\u1ee5ng:<\/p>\n<p class=\"p1\">\u00c1p d\u1ee5ng cho d\u1ecbch v\u1ee5 \u0111\u0103ng k\u00fd t\u00ean mi\u1ec1n .cloud v\u00e0 .com, m\u1ed7i kh\u00e1ch h\u00e0ng \u0111\u01b0\u1ee3c s\u1eed d\u1ee5ng 1 \u01b0u \u0111\u00e3i cho 1 ch\u01b0\u01a1ng tr\u00ecnh.<\/p>\n<p class=\"p1\">\u00c1p d\u1ee5ng cho d\u1ecbch v\u1ee5 \u0111\u0103ng k\u00fd ch\u1ee9ng ch\u1ec9 b\u1ea3o m\u1eadt PositiveSSL, m\u1ed7i kh\u00e1ch h\u00e0ng \u0111\u01b0\u1ee3c \u0111\u0103ng k\u00fd 1 ch\u1ee9ng ch\u1ec9.<span class=\"Apple-converted-space\">\u00a0<\/span><\/p>\n<p class=\"p1\">5. \u0110\u1ed1i t\u01b0\u1ee3ng:<span class=\"Apple-converted-space\">\u00a0<\/span><\/p>\n<p class=\"p1\">Ch\u01b0\u01a1ng tr\u00ecnh \u00e1p d\u1ee5ng \u0111\u1ed1i v\u1edbi t\u1ea5t c\u1ea3 c\u00e1c kh\u00e1ch h\u00e0ng \u0111\u0103ng k\u00fd m\u1edbi d\u1ecbch v\u1ee5 t\u00ean mi\u1ec1n v\u00e0 ch\u1ee9ng ch\u1ec9 b\u1ea3o m\u1eadt, kh\u00f4ng \u00e1p d\u1ee5ng v\u1edbi kh\u00e1ch h\u00e0ng \u0110\u1ea1i l\u00fd<\/p>\n<p class=\"p1\">6. N\u1ed9i dung khuy\u1ebfn m\u1ea1i:<\/p>\n<ul>\n<li class=\"p1\">50 t\u00ean mi\u1ec1n .cloud MI\u1ec4N PH\u00cd cho 50 t\u00e0i kho\u1ea3n \u0111\u0103ng k\u00fd v\u00e0 s\u1eed d\u1ee5ng th\u00e0nh c\u00f4ng m\u00e3: <span style=\"color: #ff0000;\"><strong>HAPPYT12CLOUD<\/strong><\/span><span class=\"Apple-converted-space\">\u00a0<\/span><\/li>\n<li class=\"p1\">50 t\u00ean mi\u1ec1n .com gi\u00e1 ch\u1ec9 195.000\u0111\/n\u0103m cho 50 t\u00e0i kho\u1ea3n \u0111\u0103ng k\u00fd v\u00e0 s\u1eed d\u1ee5ng th\u00e0nh c\u00f4ng m\u00e3: <span style=\"color: #ff0000;\"><strong>HAPPYT12COM<\/strong><\/span><\/li>\n<li class=\"p1\">20 ch\u1ee9ng ch\u1ec9 b\u1ea3o m\u1eadt PositiveSSL ch\u1ec9 v\u1edbi 75.000\u0111\/n\u0103m khi \u0111\u0103ng k\u00fd th\u00e0nh c\u00f4ng m\u00e3: <span style=\"color: #ff0000;\"><strong>HAPPYT12SSL<\/strong><\/span><\/li>\n<\/ul>\n<p class=\"p1\">7. L\u01b0u \u00fd:<\/p>\n<p class=\"p1\">\u0110\u1ec3 \u0111\u01b0\u1ee3c h\u01b0\u1edfng ch\u01b0\u01a1ng tr\u00ecnh \u01b0u \u0111\u00e3i, qu\u00fd kh\u00e1ch vui l\u00f2ng \u0111i\u1ec1n \u0111\u00fang M\u00e3 voucher khi thanh to\u00e1n d\u1ecbch v\u1ee5<\/p>\n<p class=\"p1\">M\u1ed7i kh\u00e1ch h\u00e0ng \u0111\u01b0\u1ee3c s\u1eed d\u1ee5ng 1 \u01b0u \u0111\u00e3i cho 1 ch\u01b0\u01a1ng tr\u00ecnh.<\/p>\n<p class=\"p1\">Ch\u01b0\u01a1ng tr\u00ecnh kh\u00f4ng quy \u0111\u1ed5i th\u00e0nh ti\u1ec1n m\u1eb7t<\/p>\n<p class=\"p1\">T\u00ean mi\u1ec1n \u0111\u00e3 mua th\u00e0nh c\u00f4ng kh\u00f4ng \u0111\u01b0\u1ee3c thay \u0111\u1ed5i ho\u1eb7c ho\u00e0n ti\u1ec1n, qu\u00fd kh\u00e1ch vui l\u00f2ng ki\u1ec3m tra ch\u00ednh x\u00e1c th\u00f4ng tin tr\u01b0\u1edbc khi \u0111\u1eb7t mua.<\/p>\n<p class=\"p1\">M\u1ecdi chi ti\u1ebft v\u1ec1 ch\u01b0\u01a1ng tr\u00ecnh khuy\u1ebfn m\u1ea1i, Qu\u00fd kh\u00e1ch vui l\u00f2ng li\u00ean h\u1ec7:<\/p>\n<ul>\n<li class=\"p1\">Hotline: 077-357-7080<span class=\"Apple-converted-space\">\u00a0<\/span><\/li>\n<li class=\"p3\"><span class=\"s1\">Email: <\/span><a href=\"mailto:support@cyberbase.vn\">support@cyberbase.vn<\/a><\/li>\n<li class=\"p3\"><span class=\"s1\">Website: <\/span><a href=\"https:\/\/cyberbase.vn\/en\/\">https:\/\/cyberbase.vn\/<\/a><\/li>\n<li class=\"p3\"><span class=\"s1\">Facebook: <\/span><a href=\"https:\/\/www.facebook.com\/cyberbase.vn\" target=\"_blank\" rel=\"noopener\">https:\/\/www.facebook.com\/cyberbase.vn<span class=\"s1\"><span class=\"Apple-converted-space\">\u00a0<\/span><\/span><\/a><\/li>\n<\/ul>\n<p class=\"p1\">Cyberbase Vietnam \u2013 Nh\u00e0 cung c\u1ea5p h\u00e0ng \u0111\u1ea7u v\u1ec1 gi\u1ea3i ph\u00e1p l\u01b0u tr\u1eef cao c\u1ea5p.<\/p><\/div><\/div><\/div>\t<!-- c\u1ea7n c\u00f3 config background color, custom class name -->\n\t\t<section\n\t\tclass=\"py-50px md:py-60px xl:py-80px xxl:py-100px bg-white-100\"\n\t\t\t\tdata-scroll-id=\"69f08e1a937ff\"\n\t\tdata-title=\"\"\n\t>\n\t\t<div class=\"inner\">\n\t\t\t<div class=\"max-w-940px mx-auto text-center\">\n\t\t\t\t<h2 class=\"mb-20px lg:mb-30px\">Our experts are always available<\/h2>\n\t\t\t\t<span class=\"block text-16px leading-20px lg:text-20px lg:leading-25px text-gray-600 mb-20px lg:mb-30px\">We&#039;ll help you:<\/span>\n\t\t\t\t<div class=\"flex flex-wrap px-20px md:px-0 -mb-15px md:mb-0 md:-mx-10px lg:-mx-15px xl:-mx-17px\">\n\t\t\t\t\t\t\t\t\t\t\t\t\t\t\t\t\t<div class=\"mb-15px md:mb-0 w-full md:w-1\/3 md:px-10px lg:px-15px xl:px-17px\">\n\t\t\t\t\t\t\t<a href=\"https:\/\/cyberbase.vn\/en\/giai-phap\/\" target=\"\" class=\"block h-full transition-shadow duration-200 hover:shadow-sm rounded-5px bg-white-100 border border-lightGray-300 pl-15px py-15px pr-30px md:px-15px md:py-30px lg:py-40px lg:px-25px xl:px-28px flex flex-wrap items-center md:block\">\n\t\t\t\t\t\t\t\t<span class=\"block md:mx-auto w-60px md:w-80px lg:w-100px md:mb-18px\">\n\t\t\t\t\t\t\t\t\t<img decoding=\"async\" src=\"https:\/\/cyberbase.vn\/wp-content\/uploads\/2021\/12\/support-solution.svg\" alt=\"\" title=\"\">\n\t\t\t\t\t\t\t\t<\/span>\n\t\t\t\t\t\t\t\t<h3 class=\"text-left md:text-center flex-1 pl-12px text-14px leading-20px lg:text-16px md:pl-0\">Looking for solutions for websites of all sizes, small and large<\/h3>\n\t\t\t\t\t\t\t<\/a>\n\t\t\t\t\t\t<\/div>\n\t\t\t\t\t\t\t\t\t\t\t\t\t\t\t\t\t\t\t\t\t\t<div class=\"mb-15px md:mb-0 w-full md:w-1\/3 md:px-10px lg:px-15px xl:px-17px\">\n\t\t\t\t\t\t\t<a href=\"https:\/\/cyberbase.vn\/en\/san-pham\/\" target=\"\" class=\"block h-full transition-shadow duration-200 hover:shadow-sm rounded-5px bg-white-100 border border-lightGray-300 pl-15px py-15px pr-30px md:px-15px md:py-30px lg:py-40px lg:px-25px xl:px-28px flex flex-wrap items-center md:block\">\n\t\t\t\t\t\t\t\t<span class=\"block md:mx-auto w-60px md:w-80px lg:w-100px md:mb-18px\">\n\t\t\t\t\t\t\t\t\t<img decoding=\"async\" src=\"https:\/\/cyberbase.vn\/wp-content\/uploads\/2021\/12\/support-active.svg\" alt=\"\" title=\"\">\n\t\t\t\t\t\t\t\t<\/span>\n\t\t\t\t\t\t\t\t<h3 class=\"text-left md:text-center flex-1 pl-12px text-14px leading-20px lg:text-16px md:pl-0\">Analyze and propose suitable solution packages<\/h3>\n\t\t\t\t\t\t\t<\/a>\n\t\t\t\t\t\t<\/div>\n\t\t\t\t\t\t\t\t\t\t\t\t\t\t\t\t\t\t\t\t\t\t<div class=\"mb-15px md:mb-0 w-full md:w-1\/3 md:px-10px lg:px-15px xl:px-17px\">\n\t\t\t\t\t\t\t<a href=\"https:\/\/cyberbase.vn\/en\/lien-he\/\" target=\"\" class=\"block h-full transition-shadow duration-200 hover:shadow-sm rounded-5px bg-white-100 border border-lightGray-300 pl-15px py-15px pr-30px md:px-15px md:py-30px lg:py-40px lg:px-25px xl:px-28px flex flex-wrap items-center md:block\">\n\t\t\t\t\t\t\t\t<span class=\"block md:mx-auto w-60px md:w-80px lg:w-100px md:mb-18px\">\n\t\t\t\t\t\t\t\t\t<img decoding=\"async\" src=\"https:\/\/cyberbase.vn\/wp-content\/uploads\/2021\/12\/support-search.svg\" alt=\"\" title=\"\">\n\t\t\t\t\t\t\t\t<\/span>\n\t\t\t\t\t\t\t\t<h3 class=\"text-left md:text-center flex-1 pl-12px text-14px leading-20px lg:text-16px md:pl-0\">Consult more solutions that you may be interested in<\/h3>\n\t\t\t\t\t\t\t<\/a>\n\t\t\t\t\t\t<\/div>\n\t\t\t\t\t\t\t\t\t<\/div>\n\t\t\t\t<div class=\"copy px-20px md:px-0 link-green text-gray-600 mt-20px md:mt-30px lg:mt-40px\">\n\t\t\t\t\t<p>Send us a message or call us <a href=\"tel:84979477101\">(+84) 979 477 101<\/a> whenever<\/p>\n\t\t\t\t<\/div>\n\t\t\t<\/div>\n\t\t<\/div>\n\t<\/section>\n\n\n\n\n<p><\/p>","protected":false},"excerpt":{"rendered":"<p>1. T\u00ean ch\u01b0\u01a1ng tr\u00ecnh: &#8220;Th\u00e1ng 12 nhi\u1ec1u \u01b0u \u0111\u00e3i \u2013 Kh\u1edfi \u0111\u1ea7u m\u1edbi v\u1edbi Cyberbase&#8220; 2. Th\u1eddi gian: \u00c1p d\u1ee5ng \u0111\u1ebfn 31\/12\/2021 3. H\u00ecnh th\u1ee9c khuy\u1ebfn m\u00e3i:\u00a0 MI\u1ec4N PH\u00cd t\u00ean mi\u1ec1n .cloud\u00a0 Mua t\u00ean mi\u1ec1n .com v\u1edbi gi\u00e1 ch\u1ec9 195.000\u0111\/n\u0103m Mua ch\u1ee9ng ch\u1ec9 b\u1ea3o m\u1eadt Sectigo PositiveSSL v\u1edbi gi\u00e1 75.000\u0111\/n\u0103m 4. D\u1ecbch v\u1ee5 \u00e1p d\u1ee5ng: [&hellip;]<\/p>","protected":false},"author":1,"featured_media":0,"parent":0,"menu_order":0,"comment_status":"closed","ping_status":"closed","template":"","meta":{"_editorskit_title_hidden":false,"_editorskit_reading_time":1,"_editorskit_is_block_options_detached":false,"_editorskit_block_options_position":"{}","inline_featured_image":false,"footnotes":""},"class_list":["post-3136","page","type-page","status-publish","hentry"],"acf":[],"_links":{"self":[{"href":"https:\/\/cyberbase.vn\/en\/wp-json\/wp\/v2\/pages\/3136","targetHints":{"allow":["GET"]}}],"collection":[{"href":"https:\/\/cyberbase.vn\/en\/wp-json\/wp\/v2\/pages"}],"about":[{"href":"https:\/\/cyberbase.vn\/en\/wp-json\/wp\/v2\/types\/page"}],"author":[{"embeddable":true,"href":"https:\/\/cyberbase.vn\/en\/wp-json\/wp\/v2\/users\/1"}],"replies":[{"embeddable":true,"href":"https:\/\/cyberbase.vn\/en\/wp-json\/wp\/v2\/comments?post=3136"}],"version-history":[{"count":32,"href":"https:\/\/cyberbase.vn\/en\/wp-json\/wp\/v2\/pages\/3136\/revisions"}],"predecessor-version":[{"id":3189,"href":"https:\/\/cyberbase.vn\/en\/wp-json\/wp\/v2\/pages\/3136\/revisions\/3189"}],"wp:attachment":[{"href":"https:\/\/cyberbase.vn\/en\/wp-json\/wp\/v2\/media?parent=3136"}],"curies":[{"name":"wp","href":"https:\/\/api.w.org\/{rel}","templated":true}]}}